{"id":23,"date":"2016-06-01T18:44:46","date_gmt":"2016-06-01T16:44:46","guid":{"rendered":"https:\/\/zakobowling.com\/?page_id=23"},"modified":"2025-04-18T15:12:26","modified_gmt":"2025-04-18T13:12:26","slug":"kontakt","status":"publish","type":"page","link":"https:\/\/zakobowling.com\/sr\/kontakt\/","title":{"rendered":"KONTAKT"},"content":{"rendered":"<p><span style=\"color: #ff0000;\"><em><strong>Regija: EU<\/strong><\/em><\/span><\/p>\n<div><strong>ZAKO Slovakia s.r.o.<\/strong><br \/>\nKoll\u00e1rova 7<br \/>\n921 01 Pie\u0161\u0165any<br \/>\nSlovensko<br \/>\nI\u010cO: 50261576<br \/>\nDI\u010c: 2120277929<br \/>\nI\u010c DPH: SK2120277929<br \/>\nspolo\u010dnos\u0165 zap\u00edsan\u00e1 v OR Okresn\u00e9ho s\u00fadu Trnava, oddiel: Sro, vlo\u017eka \u010d.37729\/T<\/div>\n<div><strong><em>Kontakty:<\/em><\/strong><\/div>\n<div>info@zakobowling.com<\/div>\n<div>zakoslovakia@gmail.com<\/div>\n<div>+421 905 635 628 Martin Koz\u00e1k<\/div>\n<div>.<\/div>\n<div><strong>ZAKOtech s.r.o.<\/strong><br \/>\nNov\u00e9 sady 988\/2<br \/>\n602 00 Brno<br \/>\n\u010cesk\u00e1 republika<br \/>\nI\u010cO: 22658904<br \/>\nDI\u010c: CZ22658904<br \/>\ndatov\u00e1 schr\u00e1nka: ini5k6<\/div>\n<div><strong><em>Kontakty:<\/em><\/strong><br \/>\ninfo@zakobowling.com<br \/>\ninfo@zakotech.cz<br \/>\n+421 905 635 628 Martin Koz\u00e1k<\/div>\n<div>+420 773 518 000 Du\u0161an Luke\u0161<\/div>\n<hr \/>\n<p><span style=\"color: #ff0000;\"><em><strong>Regija: Srbija<\/strong><\/em><\/span><\/p>\n<p><strong>ZAKOBOWLING d.o.o.<\/strong><br \/>\nDo\u017ea \u0110er\u0111a 142<br \/>\n21220 Be\u010dej<br \/>\nSrbija<br \/>\nPIB: 114145386<br \/>\nM.B.:21978205<br \/>\nzakosrbija@gmail.com<br \/>\n<span style=\"font-weight: 400;\">+381644924601 Vilmo\u0161 Zavarko<\/span><\/p>","protected":false},"excerpt":{"rendered":"<p>Regi\u00f3n: E\u00da ZAKO Slovakia s.r.o. Koll\u00e1rova 7 921 01 Pie\u0161\u0165any Slovensko I\u010cO: 50261576 DI\u010c: 2120277929 I\u010c DPH: SK2120277929 spolo\u010dnos\u0165 zap\u00edsan\u00e1 v OR Okresn\u00e9ho s\u00fadu Trnava, oddiel: Sro, vlo\u017eka \u010d.37729\/T Kontakty: info@zakobowling.com zakoslovakia@gmail.com +421 905 635 628 Martin Koz\u00e1k . ZAKOtech s.r.o. Nov\u00e9 sady 988\/2 602 00 Brno \u010cesk\u00e1 republika I\u010cO: 22658904 DI\u010c: CZ22658904 datov\u00e1 schr\u00e1nka:&#8230;<\/p>","protected":false},"author":1,"featured_media":0,"parent":0,"menu_order":3,"comment_status":"closed","ping_status":"closed","template":"","meta":{"footnotes":""},"class_list":["post-23","page","type-page","status-publish","hentry"],"yoast_head":"<!-- This site is optimized with the Yoast SEO plugin v26.2 - https:\/\/yoast.com\/wordpress\/plugins\/seo\/ -->\n<title>KONTAKTY - ZAKO BOWLING<\/title>\n<meta name=\"robots\" content=\"index, follow, max-snippet:-1, max-image-preview:large, max-video-preview:-1\" \/>\n<link rel=\"canonical\" href=\"https:\/\/zakobowling.com\/sr\/kontakt\/\" \/>\n<meta property=\"og:locale\" content=\"sr_RS\" \/>\n<meta property=\"og:type\" content=\"article\" \/>\n<meta property=\"og:title\" content=\"KONTAKTY - ZAKO BOWLING\" \/>\n<meta property=\"og:description\" content=\"Regi\u00f3n: E\u00da ZAKO Slovakia s.r.o. Koll\u00e1rova 7 921 01 Pie\u0161\u0165any Slovensko I\u010cO: 50261576 DI\u010c: 2120277929 I\u010c DPH: SK2120277929 spolo\u010dnos\u0165 zap\u00edsan\u00e1 v OR Okresn\u00e9ho s\u00fadu Trnava, oddiel: Sro, vlo\u017eka \u010d.37729\/T Kontakty: info@zakobowling.com zakoslovakia@gmail.com +421 905 635 628 Martin Koz\u00e1k . ZAKOtech s.r.o. Nov\u00e9 sady 988\/2 602 00 Brno \u010cesk\u00e1 republika I\u010cO: 22658904 DI\u010c: CZ22658904 datov\u00e1 schr\u00e1nka:...\" \/>\n<meta property=\"og:url\" content=\"https:\/\/zakobowling.com\/sr\/kontakt\/\" \/>\n<meta property=\"og:site_name\" content=\"ZAKO BOWLING\" \/>\n<meta property=\"article:modified_time\" content=\"2025-04-18T13:12:26+00:00\" \/>\n<meta name=\"twitter:card\" content=\"summary_large_image\" \/>\n<meta name=\"twitter:label1\" content=\"\u041f\u0440\u043e\u0446\u0435\u045a\u0435\u043d\u043e \u0432\u0440\u0435\u043c\u0435 \u0447\u0438\u0442\u0430\u045a\u0430\" \/>\n\t<meta name=\"twitter:data1\" content=\"1 \u043c\u0438\u043d\u0443\u0442\" \/>\n<script type=\"application\/ld+json\" class=\"yoast-schema-graph\">{\"@context\":\"https:\/\/schema.org\",\"@graph\":[{\"@type\":\"WebPage\",\"@id\":\"https:\/\/zakobowling.com\/kontakt\/\",\"url\":\"https:\/\/zakobowling.com\/kontakt\/\",\"name\":\"KONTAKTY - ZAKO BOWLING\",\"isPartOf\":{\"@id\":\"https:\/\/zakobowling.com\/#website\"},\"datePublished\":\"2016-06-01T16:44:46+00:00\",\"dateModified\":\"2025-04-18T13:12:26+00:00\",\"breadcrumb\":{\"@id\":\"https:\/\/zakobowling.com\/kontakt\/#breadcrumb\"},\"inLanguage\":\"sr-RS\",\"potentialAction\":[{\"@type\":\"ReadAction\",\"target\":[\"https:\/\/zakobowling.com\/kontakt\/\"]}]},{\"@type\":\"BreadcrumbList\",\"@id\":\"https:\/\/zakobowling.com\/kontakt\/#breadcrumb\",\"itemListElement\":[{\"@type\":\"ListItem\",\"position\":1,\"name\":\"Domovsk\u00e1 str\u00e1nka\",\"item\":\"https:\/\/zakobowling.com\/\"},{\"@type\":\"ListItem\",\"position\":2,\"name\":\"KONTAKTY\"}]},{\"@type\":\"WebSite\",\"@id\":\"https:\/\/zakobowling.com\/#website\",\"url\":\"https:\/\/zakobowling.com\/\",\"name\":\"ZAKO BOWLING\",\"description\":\"kolky&amp;bowling\",\"publisher\":{\"@id\":\"https:\/\/zakobowling.com\/#organization\"},\"potentialAction\":[{\"@type\":\"SearchAction\",\"target\":{\"@type\":\"EntryPoint\",\"urlTemplate\":\"https:\/\/zakobowling.com\/?s={search_term_string}\"},\"query-input\":{\"@type\":\"PropertyValueSpecification\",\"valueRequired\":true,\"valueName\":\"search_term_string\"}}],\"inLanguage\":\"sr-RS\"},{\"@type\":\"Organization\",\"@id\":\"https:\/\/zakobowling.com\/#organization\",\"name\":\"Zako Slovakia, s. r. o.\",\"url\":\"https:\/\/zakobowling.com\/\",\"logo\":{\"@type\":\"ImageObject\",\"inLanguage\":\"sr-RS\",\"@id\":\"https:\/\/zakobowling.com\/#\/schema\/logo\/image\/\",\"url\":\"https:\/\/zakobowling.com\/wp-content\/uploads\/2016\/05\/12784657_10207363150895975_1124600290_n.jpg\",\"contentUrl\":\"https:\/\/zakobowling.com\/wp-content\/uploads\/2016\/05\/12784657_10207363150895975_1124600290_n.jpg\",\"width\":921,\"height\":960,\"caption\":\"Zako Slovakia, s. r. o.\"},\"image\":{\"@id\":\"https:\/\/zakobowling.com\/#\/schema\/logo\/image\/\"}}]}<\/script>\n<!-- \/ Yoast SEO plugin. -->","yoast_head_json":{"title":"KONTAKTY - ZAKO BOWLING","robots":{"index":"index","follow":"follow","max-snippet":"max-snippet:-1","max-image-preview":"max-image-preview:large","max-video-preview":"max-video-preview:-1"},"canonical":"https:\/\/zakobowling.com\/sr\/kontakt\/","og_locale":"sr_RS","og_type":"article","og_title":"KONTAKTY - ZAKO BOWLING","og_description":"Regi\u00f3n: E\u00da ZAKO Slovakia s.r.o. Koll\u00e1rova 7 921 01 Pie\u0161\u0165any Slovensko I\u010cO: 50261576 DI\u010c: 2120277929 I\u010c DPH: SK2120277929 spolo\u010dnos\u0165 zap\u00edsan\u00e1 v OR Okresn\u00e9ho s\u00fadu Trnava, oddiel: Sro, vlo\u017eka \u010d.37729\/T Kontakty: info@zakobowling.com zakoslovakia@gmail.com +421 905 635 628 Martin Koz\u00e1k . ZAKOtech s.r.o. Nov\u00e9 sady 988\/2 602 00 Brno \u010cesk\u00e1 republika I\u010cO: 22658904 DI\u010c: CZ22658904 datov\u00e1 schr\u00e1nka:...","og_url":"https:\/\/zakobowling.com\/sr\/kontakt\/","og_site_name":"ZAKO BOWLING","article_modified_time":"2025-04-18T13:12:26+00:00","twitter_card":"summary_large_image","twitter_misc":{"\u041f\u0440\u043e\u0446\u0435\u045a\u0435\u043d\u043e \u0432\u0440\u0435\u043c\u0435 \u0447\u0438\u0442\u0430\u045a\u0430":"1 \u043c\u0438\u043d\u0443\u0442"},"schema":{"@context":"https:\/\/schema.org","@graph":[{"@type":"WebPage","@id":"https:\/\/zakobowling.com\/kontakt\/","url":"https:\/\/zakobowling.com\/kontakt\/","name":"KONTAKTY - ZAKO BOWLING","isPartOf":{"@id":"https:\/\/zakobowling.com\/#website"},"datePublished":"2016-06-01T16:44:46+00:00","dateModified":"2025-04-18T13:12:26+00:00","breadcrumb":{"@id":"https:\/\/zakobowling.com\/kontakt\/#breadcrumb"},"inLanguage":"sr-RS","potentialAction":[{"@type":"ReadAction","target":["https:\/\/zakobowling.com\/kontakt\/"]}]},{"@type":"BreadcrumbList","@id":"https:\/\/zakobowling.com\/kontakt\/#breadcrumb","itemListElement":[{"@type":"ListItem","position":1,"name":"Domovsk\u00e1 str\u00e1nka","item":"https:\/\/zakobowling.com\/"},{"@type":"ListItem","position":2,"name":"KONTAKTY"}]},{"@type":"WebSite","@id":"https:\/\/zakobowling.com\/#website","url":"https:\/\/zakobowling.com\/","name":"ZAKO BOWLING","description":"kolky&amp;bowling","publisher":{"@id":"https:\/\/zakobowling.com\/#organization"},"potentialAction":[{"@type":"SearchAction","target":{"@type":"EntryPoint","urlTemplate":"https:\/\/zakobowling.com\/?s={search_term_string}"},"query-input":{"@type":"PropertyValueSpecification","valueRequired":true,"valueName":"search_term_string"}}],"inLanguage":"sr-RS"},{"@type":"Organization","@id":"https:\/\/zakobowling.com\/#organization","name":"Zako Slovakia, s. r. o.","url":"https:\/\/zakobowling.com\/","logo":{"@type":"ImageObject","inLanguage":"sr-RS","@id":"https:\/\/zakobowling.com\/#\/schema\/logo\/image\/","url":"https:\/\/zakobowling.com\/wp-content\/uploads\/2016\/05\/12784657_10207363150895975_1124600290_n.jpg","contentUrl":"https:\/\/zakobowling.com\/wp-content\/uploads\/2016\/05\/12784657_10207363150895975_1124600290_n.jpg","width":921,"height":960,"caption":"Zako Slovakia, s. r. o."},"image":{"@id":"https:\/\/zakobowling.com\/#\/schema\/logo\/image\/"}}]}},"_links":{"self":[{"href":"https:\/\/zakobowling.com\/sr\/wp-json\/wp\/v2\/pages\/23","targetHints":{"allow":["GET"]}}],"collection":[{"href":"https:\/\/zakobowling.com\/sr\/wp-json\/wp\/v2\/pages"}],"about":[{"href":"https:\/\/zakobowling.com\/sr\/wp-json\/wp\/v2\/types\/page"}],"author":[{"embeddable":true,"href":"https:\/\/zakobowling.com\/sr\/wp-json\/wp\/v2\/users\/1"}],"replies":[{"embeddable":true,"href":"https:\/\/zakobowling.com\/sr\/wp-json\/wp\/v2\/comments?post=23"}],"version-history":[{"count":5,"href":"https:\/\/zakobowling.com\/sr\/wp-json\/wp\/v2\/pages\/23\/revisions"}],"predecessor-version":[{"id":930,"href":"https:\/\/zakobowling.com\/sr\/wp-json\/wp\/v2\/pages\/23\/revisions\/930"}],"wp:attachment":[{"href":"https:\/\/zakobowling.com\/sr\/wp-json\/wp\/v2\/media?parent=23"}],"curies":[{"name":"wp","href":"https:\/\/api.w.org\/{rel}","templated":true}]}}