{"id":19,"date":"2016-06-01T18:42:03","date_gmt":"2016-06-01T16:42:03","guid":{"rendered":"https:\/\/zakobowling.com\/?page_id=19"},"modified":"2025-10-25T00:46:23","modified_gmt":"2025-10-24T22:46:23","slug":"o-nas","status":"publish","type":"page","link":"https:\/\/zakobowling.com\/sr\/o-nas\/","title":{"rendered":"O NAMA"},"content":{"rendered":"<p>Spolo\u010dnosti Zako Slovakia, s.r.o., ZAKOtech, s.r.o. a ZAKOBOWLING, d.o.o., vo svoj\u00edch hlavn\u00fdch \u010dinnostiach zabezpe\u010duj\u00fa:<\/p>\n<ul>\n<li>-predaj a mont\u00e1\u017e kompletn\u00fdch kolk\u00e1rskych a bowlingov\u00fdch dr\u00e1h zna\u010dky ZAKO v \u00fazkej spolupr\u00e1ci s najv\u00fdznamnej\u0161\u00edmi v\u00fdrobcami ako s\u00fa Ahlborn, Pauly, SES, Technikum Kamenz.<\/li>\n<li>-renoviranje delova kuglane<\/li>\n<li>-servisiranje kugla\u0161kih i bowlingovih staza:<\/li>\n<li>FUNK, PAULY, AHLBORN, VOLLMER, PROTEC, BESKO, EUROBOWLING, JR DIGITAL<\/li>\n<li>-prodaja rezervnih delova<\/li>\n<li>-prodaja \u010dunjeva, kugli i hemikalija za odr\u017eavanje staza<\/li>\n<\/ul>\n<p><span><\/span><\/p>\n<p>Na\u0161i zaposleni imaju iskustvo u monta\u017ei i organizaciji najve\u0107ih objekata i doga\u0111aja \u0161irom Evrope.<\/p>\n<p>Technol\u00f3gia kolk\u00e1rskych dr\u00e1h ZAKO&amp;PAULY bola pou\u017eit\u00e1 po\u010das Majstrovstiev sveta 2024 v kolkoch na ktor\u00fdch padlo 5 svetov\u00fdch rekordov !<\/p>\n<p><a href=\"https:\/\/zakobowling.com\/wp-content\/uploads\/2024\/06\/cropped-IMG_2795-scaled-1.jpg\"><img loading=\"lazy\" decoding=\"async\" class=\"aligncenter size-large wp-image-840\" src=\"https:\/\/zakobowling.com\/wp-content\/uploads\/2024\/06\/cropped-IMG_2795-scaled-1-1024x255.jpg\" alt=\"\" width=\"654\" height=\"163\" srcset=\"https:\/\/zakobowling.com\/wp-content\/uploads\/2024\/06\/cropped-IMG_2795-scaled-1-1024x255.jpg 1024w, https:\/\/zakobowling.com\/wp-content\/uploads\/2024\/06\/cropped-IMG_2795-scaled-1-300x75.jpg 300w, https:\/\/zakobowling.com\/wp-content\/uploads\/2024\/06\/cropped-IMG_2795-scaled-1-768x192.jpg 768w, https:\/\/zakobowling.com\/wp-content\/uploads\/2024\/06\/cropped-IMG_2795-scaled-1-1536x383.jpg 1536w, https:\/\/zakobowling.com\/wp-content\/uploads\/2024\/06\/cropped-IMG_2795-scaled-1-18x4.jpg 18w, https:\/\/zakobowling.com\/wp-content\/uploads\/2024\/06\/cropped-IMG_2795-scaled-1-4x1.jpg 4w, https:\/\/zakobowling.com\/wp-content\/uploads\/2024\/06\/cropped-IMG_2795-scaled-1.jpg 2000w\" sizes=\"auto, (max-width: 654px) 100vw, 654px\" \/><\/a><\/p>","protected":false},"excerpt":{"rendered":"<p>Spolo\u010dnosti Zako Slovakia, s.r.o., ZAKOtech, s.r.o. a ZAKOBOWLING, d.o.o., vo svoj\u00edch hlavn\u00fdch \u010dinnostiach zabezpe\u010duj\u00fa: -predaj a mont\u00e1\u017e kompletn\u00fdch kolk\u00e1rskych a bowlingov\u00fdch dr\u00e1h zna\u010dky ZAKO v \u00fazkej spolupr\u00e1ci s najv\u00fdznamnej\u0161\u00edmi v\u00fdrobcami ako s\u00fa Ahlborn, Pauly, SES, Technikum Kamenz. -rekon\u0161trukcie \u010dast\u00ed dr\u00e1h alebo stavacej techniky a elektroniky. -servis a \u00fadr\u017eba v\u0161etk\u00fdch typov \u0161n\u00farov\u00fdch kolk\u00e1rskych a bowlingov\u00fdch dr\u00e1h:&#8230;<\/p>","protected":false},"author":1,"featured_media":0,"parent":0,"menu_order":0,"comment_status":"closed","ping_status":"closed","template":"","meta":{"footnotes":""},"class_list":["post-19","page","type-page","status-publish","hentry"],"yoast_head":"<!-- This site is optimized with the Yoast SEO plugin v26.2 - https:\/\/yoast.com\/wordpress\/plugins\/seo\/ -->\n<title>Realiz\u00e1cia a servis kolk\u00e1rskych a bowlingov\u00fdch dr\u00e1h<\/title>\n<meta name=\"description\" content=\"servis kolk\u00e1rskych a bowlingov\u00fdch dr\u00e1h, realiz\u00e1cia kolk\u00e1rskych a bowlingov\u00fdch dr\u00e1h\" \/>\n<meta name=\"robots\" content=\"index, follow, max-snippet:-1, max-image-preview:large, max-video-preview:-1\" \/>\n<link rel=\"canonical\" href=\"https:\/\/zakobowling.com\/sr\/o-nas\/\" \/>\n<meta property=\"og:locale\" content=\"sr_RS\" \/>\n<meta property=\"og:type\" content=\"article\" \/>\n<meta property=\"og:title\" content=\"Realiz\u00e1cia a servis kolk\u00e1rskych a bowlingov\u00fdch dr\u00e1h\" \/>\n<meta property=\"og:description\" content=\"servis kolk\u00e1rskych a bowlingov\u00fdch dr\u00e1h, realiz\u00e1cia kolk\u00e1rskych a bowlingov\u00fdch dr\u00e1h\" \/>\n<meta property=\"og:url\" content=\"https:\/\/zakobowling.com\/sr\/o-nas\/\" \/>\n<meta property=\"og:site_name\" content=\"ZAKO BOWLING\" \/>\n<meta property=\"article:modified_time\" content=\"2025-10-24T22:46:23+00:00\" \/>\n<meta property=\"og:image\" content=\"https:\/\/zakobowling.com\/wp-content\/uploads\/2024\/06\/cropped-IMG_2795-scaled-1.jpg\" \/>\n\t<meta property=\"og:image:width\" content=\"2000\" \/>\n\t<meta property=\"og:image:height\" content=\"499\" \/>\n\t<meta property=\"og:image:type\" content=\"image\/jpeg\" \/>\n<meta name=\"twitter:card\" content=\"summary_large_image\" \/>\n<meta name=\"twitter:label1\" content=\"\u041f\u0440\u043e\u0446\u0435\u045a\u0435\u043d\u043e \u0432\u0440\u0435\u043c\u0435 \u0447\u0438\u0442\u0430\u045a\u0430\" \/>\n\t<meta name=\"twitter:data1\" content=\"1 \u043c\u0438\u043d\u0443\u0442\" \/>\n<script type=\"application\/ld+json\" class=\"yoast-schema-graph\">{\"@context\":\"https:\/\/schema.org\",\"@graph\":[{\"@type\":\"WebPage\",\"@id\":\"https:\/\/zakobowling.com\/o-nas\/\",\"url\":\"https:\/\/zakobowling.com\/o-nas\/\",\"name\":\"Realiz\u00e1cia a servis kolk\u00e1rskych a bowlingov\u00fdch dr\u00e1h\",\"isPartOf\":{\"@id\":\"https:\/\/zakobowling.com\/#website\"},\"primaryImageOfPage\":{\"@id\":\"https:\/\/zakobowling.com\/o-nas\/#primaryimage\"},\"image\":{\"@id\":\"https:\/\/zakobowling.com\/o-nas\/#primaryimage\"},\"thumbnailUrl\":\"https:\/\/zakobowling.com\/wp-content\/uploads\/2024\/06\/cropped-IMG_2795-scaled-1-1024x255.jpg\",\"datePublished\":\"2016-06-01T16:42:03+00:00\",\"dateModified\":\"2025-10-24T22:46:23+00:00\",\"description\":\"servis kolk\u00e1rskych a bowlingov\u00fdch dr\u00e1h, realiz\u00e1cia kolk\u00e1rskych a bowlingov\u00fdch dr\u00e1h\",\"breadcrumb\":{\"@id\":\"https:\/\/zakobowling.com\/o-nas\/#breadcrumb\"},\"inLanguage\":\"sr-RS\",\"potentialAction\":[{\"@type\":\"ReadAction\",\"target\":[\"https:\/\/zakobowling.com\/o-nas\/\"]}]},{\"@type\":\"ImageObject\",\"inLanguage\":\"sr-RS\",\"@id\":\"https:\/\/zakobowling.com\/o-nas\/#primaryimage\",\"url\":\"https:\/\/zakobowling.com\/wp-content\/uploads\/2024\/06\/cropped-IMG_2795-scaled-1-1024x255.jpg\",\"contentUrl\":\"https:\/\/zakobowling.com\/wp-content\/uploads\/2024\/06\/cropped-IMG_2795-scaled-1-1024x255.jpg\"},{\"@type\":\"BreadcrumbList\",\"@id\":\"https:\/\/zakobowling.com\/o-nas\/#breadcrumb\",\"itemListElement\":[{\"@type\":\"ListItem\",\"position\":1,\"name\":\"Domovsk\u00e1 str\u00e1nka\",\"item\":\"https:\/\/zakobowling.com\/\"},{\"@type\":\"ListItem\",\"position\":2,\"name\":\"O N\u00c1S\"}]},{\"@type\":\"WebSite\",\"@id\":\"https:\/\/zakobowling.com\/#website\",\"url\":\"https:\/\/zakobowling.com\/\",\"name\":\"ZAKO BOWLING\",\"description\":\"kolky&amp;bowling\",\"publisher\":{\"@id\":\"https:\/\/zakobowling.com\/#organization\"},\"potentialAction\":[{\"@type\":\"SearchAction\",\"target\":{\"@type\":\"EntryPoint\",\"urlTemplate\":\"https:\/\/zakobowling.com\/?s={search_term_string}\"},\"query-input\":{\"@type\":\"PropertyValueSpecification\",\"valueRequired\":true,\"valueName\":\"search_term_string\"}}],\"inLanguage\":\"sr-RS\"},{\"@type\":\"Organization\",\"@id\":\"https:\/\/zakobowling.com\/#organization\",\"name\":\"Zako Slovakia, s. r. o.\",\"url\":\"https:\/\/zakobowling.com\/\",\"logo\":{\"@type\":\"ImageObject\",\"inLanguage\":\"sr-RS\",\"@id\":\"https:\/\/zakobowling.com\/#\/schema\/logo\/image\/\",\"url\":\"https:\/\/zakobowling.com\/wp-content\/uploads\/2016\/05\/12784657_10207363150895975_1124600290_n.jpg\",\"contentUrl\":\"https:\/\/zakobowling.com\/wp-content\/uploads\/2016\/05\/12784657_10207363150895975_1124600290_n.jpg\",\"width\":921,\"height\":960,\"caption\":\"Zako Slovakia, s. r. o.\"},\"image\":{\"@id\":\"https:\/\/zakobowling.com\/#\/schema\/logo\/image\/\"}}]}<\/script>\n<!-- \/ Yoast SEO plugin. -->","yoast_head_json":{"title":"Realiz\u00e1cia a servis kolk\u00e1rskych a bowlingov\u00fdch dr\u00e1h","description":"servis kolk\u00e1rskych a bowlingov\u00fdch dr\u00e1h, realiz\u00e1cia kolk\u00e1rskych a bowlingov\u00fdch dr\u00e1h","robots":{"index":"index","follow":"follow","max-snippet":"max-snippet:-1","max-image-preview":"max-image-preview:large","max-video-preview":"max-video-preview:-1"},"canonical":"https:\/\/zakobowling.com\/sr\/o-nas\/","og_locale":"sr_RS","og_type":"article","og_title":"Realiz\u00e1cia a servis kolk\u00e1rskych a bowlingov\u00fdch dr\u00e1h","og_description":"servis kolk\u00e1rskych a bowlingov\u00fdch dr\u00e1h, realiz\u00e1cia kolk\u00e1rskych a bowlingov\u00fdch dr\u00e1h","og_url":"https:\/\/zakobowling.com\/sr\/o-nas\/","og_site_name":"ZAKO BOWLING","article_modified_time":"2025-10-24T22:46:23+00:00","og_image":[{"width":2000,"height":499,"url":"https:\/\/zakobowling.com\/wp-content\/uploads\/2024\/06\/cropped-IMG_2795-scaled-1.jpg","type":"image\/jpeg"}],"twitter_card":"summary_large_image","twitter_misc":{"\u041f\u0440\u043e\u0446\u0435\u045a\u0435\u043d\u043e \u0432\u0440\u0435\u043c\u0435 \u0447\u0438\u0442\u0430\u045a\u0430":"1 \u043c\u0438\u043d\u0443\u0442"},"schema":{"@context":"https:\/\/schema.org","@graph":[{"@type":"WebPage","@id":"https:\/\/zakobowling.com\/o-nas\/","url":"https:\/\/zakobowling.com\/o-nas\/","name":"Realiz\u00e1cia a servis kolk\u00e1rskych a bowlingov\u00fdch dr\u00e1h","isPartOf":{"@id":"https:\/\/zakobowling.com\/#website"},"primaryImageOfPage":{"@id":"https:\/\/zakobowling.com\/o-nas\/#primaryimage"},"image":{"@id":"https:\/\/zakobowling.com\/o-nas\/#primaryimage"},"thumbnailUrl":"https:\/\/zakobowling.com\/wp-content\/uploads\/2024\/06\/cropped-IMG_2795-scaled-1-1024x255.jpg","datePublished":"2016-06-01T16:42:03+00:00","dateModified":"2025-10-24T22:46:23+00:00","description":"servis kolk\u00e1rskych a bowlingov\u00fdch dr\u00e1h, realiz\u00e1cia kolk\u00e1rskych a bowlingov\u00fdch dr\u00e1h","breadcrumb":{"@id":"https:\/\/zakobowling.com\/o-nas\/#breadcrumb"},"inLanguage":"sr-RS","potentialAction":[{"@type":"ReadAction","target":["https:\/\/zakobowling.com\/o-nas\/"]}]},{"@type":"ImageObject","inLanguage":"sr-RS","@id":"https:\/\/zakobowling.com\/o-nas\/#primaryimage","url":"https:\/\/zakobowling.com\/wp-content\/uploads\/2024\/06\/cropped-IMG_2795-scaled-1-1024x255.jpg","contentUrl":"https:\/\/zakobowling.com\/wp-content\/uploads\/2024\/06\/cropped-IMG_2795-scaled-1-1024x255.jpg"},{"@type":"BreadcrumbList","@id":"https:\/\/zakobowling.com\/o-nas\/#breadcrumb","itemListElement":[{"@type":"ListItem","position":1,"name":"Domovsk\u00e1 str\u00e1nka","item":"https:\/\/zakobowling.com\/"},{"@type":"ListItem","position":2,"name":"O N\u00c1S"}]},{"@type":"WebSite","@id":"https:\/\/zakobowling.com\/#website","url":"https:\/\/zakobowling.com\/","name":"ZAKO BOWLING","description":"kolky&amp;bowling","publisher":{"@id":"https:\/\/zakobowling.com\/#organization"},"potentialAction":[{"@type":"SearchAction","target":{"@type":"EntryPoint","urlTemplate":"https:\/\/zakobowling.com\/?s={search_term_string}"},"query-input":{"@type":"PropertyValueSpecification","valueRequired":true,"valueName":"search_term_string"}}],"inLanguage":"sr-RS"},{"@type":"Organization","@id":"https:\/\/zakobowling.com\/#organization","name":"Zako Slovakia, s. r. o.","url":"https:\/\/zakobowling.com\/","logo":{"@type":"ImageObject","inLanguage":"sr-RS","@id":"https:\/\/zakobowling.com\/#\/schema\/logo\/image\/","url":"https:\/\/zakobowling.com\/wp-content\/uploads\/2016\/05\/12784657_10207363150895975_1124600290_n.jpg","contentUrl":"https:\/\/zakobowling.com\/wp-content\/uploads\/2016\/05\/12784657_10207363150895975_1124600290_n.jpg","width":921,"height":960,"caption":"Zako Slovakia, s. r. o."},"image":{"@id":"https:\/\/zakobowling.com\/#\/schema\/logo\/image\/"}}]}},"_links":{"self":[{"href":"https:\/\/zakobowling.com\/sr\/wp-json\/wp\/v2\/pages\/19","targetHints":{"allow":["GET"]}}],"collection":[{"href":"https:\/\/zakobowling.com\/sr\/wp-json\/wp\/v2\/pages"}],"about":[{"href":"https:\/\/zakobowling.com\/sr\/wp-json\/wp\/v2\/types\/page"}],"author":[{"embeddable":true,"href":"https:\/\/zakobowling.com\/sr\/wp-json\/wp\/v2\/users\/1"}],"replies":[{"embeddable":true,"href":"https:\/\/zakobowling.com\/sr\/wp-json\/wp\/v2\/comments?post=19"}],"version-history":[{"count":6,"href":"https:\/\/zakobowling.com\/sr\/wp-json\/wp\/v2\/pages\/19\/revisions"}],"predecessor-version":[{"id":980,"href":"https:\/\/zakobowling.com\/sr\/wp-json\/wp\/v2\/pages\/19\/revisions\/980"}],"wp:attachment":[{"href":"https:\/\/zakobowling.com\/sr\/wp-json\/wp\/v2\/media?parent=19"}],"curies":[{"name":"wp","href":"https:\/\/api.w.org\/{rel}","templated":true}]}}