{"id":94,"date":"2016-06-20T15:25:59","date_gmt":"2016-06-20T13:25:59","guid":{"rendered":"https:\/\/zakobowling.com\/?page_id=94"},"modified":"2025-12-18T20:28:36","modified_gmt":"2025-12-18T18:28:36","slug":"kolky","status":"publish","type":"page","link":"https:\/\/zakobowling.com\/it\/e-shop\/kolky\/kolky\/","title":{"rendered":"Kolky (kolky a bowling)"},"content":{"rendered":"<p><span style=\"color: #ff0000;\">Kontakt pre objedn\u00e1vku: <strong>info@zakobowling.com <\/strong>alebo<strong> +421905635628<\/strong><\/span><\/p>\n\n\n\n<p>V na\u0161ej ponuke moment\u00e1lne n\u00e1jdete:<\/p>\n\n\n\n<h3 class=\"wp-block-heading\"><strong>KeBo Tornado plus (Vollmer Tornado plus) &#8211; sada 9ks alebo 1kus<br><\/strong><\/h3>\n\n\n\n<p>Sada obsahuje 9 ks kolkov. Celoplastov\u00e9 vyhotovenie, bez guli\u010dky.<\/p>\n\n\n\n<p><strong>Cena sada: <span style=\"color: #ff0000;\">262,00 <b>\u20ac<\/b> bez DPH<\/span><\/strong>(+DPH)<\/p>\n\n\n\n<p><strong>Cena 1ks: <span style=\"color: #ff0000;\">29,00 <b>\u20ac<\/b> bez DPH<\/span><\/strong>(+ DPH)<\/p>\n\n\n<div class=\"wp-block-image\">\n<figure data-wp-context=\"{&quot;imageId&quot;:&quot;69ece9167565a&quot;}\" data-wp-interactive=\"core\/image\" data-wp-key=\"69ece9167565a\" class=\"aligncenter wp-lightbox-container\"><img loading=\"lazy\" decoding=\"async\" width=\"212\" height=\"300\" data-wp-class--hide=\"state.isContentHidden\" data-wp-class--show=\"state.isContentVisible\" data-wp-init=\"callbacks.setButtonStyles\" data-wp-on--click=\"actions.showLightbox\" data-wp-on--load=\"callbacks.setButtonStyles\" data-wp-on-window--resize=\"callbacks.setButtonStyles\" src=\"https:\/\/zakobowling.com\/wp-content\/uploads\/2016\/06\/kolky-212x300.jpg\" alt=\"kolky\" class=\"wp-image-95\" srcset=\"https:\/\/zakobowling.com\/wp-content\/uploads\/2016\/06\/kolky-212x300.jpg 212w, https:\/\/zakobowling.com\/wp-content\/uploads\/2016\/06\/kolky-1x1.jpg 1w, https:\/\/zakobowling.com\/wp-content\/uploads\/2016\/06\/kolky.jpg 353w\" sizes=\"auto, (max-width: 212px) 100vw, 212px\" \/><button\n\t\t\tclass=\"lightbox-trigger\"\n\t\t\ttype=\"button\"\n\t\t\taria-haspopup=\"dialog\"\n\t\t\taria-label=\"Ingrandisci\"\n\t\t\tdata-wp-init=\"callbacks.initTriggerButton\"\n\t\t\tdata-wp-on--click=\"actions.showLightbox\"\n\t\t\tdata-wp-style--right=\"state.imageButtonRight\"\n\t\t\tdata-wp-style--top=\"state.imageButtonTop\"\n\t\t>\n\t\t\t<svg xmlns=\"http:\/\/www.w3.org\/2000\/svg\" width=\"12\" height=\"12\" fill=\"none\" viewbox=\"0 0 12 12\">\n\t\t\t\t<path fill=\"#fff\" d=\"M2 0a2 2 0 0 0-2 2v2h1.5V2a.5.5 0 0 1 .5-.5h2V0H2Zm2 10.5H2a.5.5 0 0 1-.5-.5V8H0v2a2 2 0 0 0 2 2h2v-1.5ZM8 12v-1.5h2a.5.5 0 0 0 .5-.5V8H12v2a2 2 0 0 1-2 2H8Zm2-12a2 2 0 0 1 2 2v2h-1.5V2a.5.5 0 0 0-.5-.5H8V0h2Z\" \/>\n\t\t\t<\/svg>\n\t\t<\/button><\/figure>\n<\/div>\n\n\n<p><\/p>\n\n\n\n<hr class=\"wp-block-separator has-alpha-channel-opacity\"\/>\n\n\n\n<h3 class=\"wp-block-heading\"><strong>KeBo Tornado plus Vision (Vollmer Tornado plus Vision) &#8211; sada 9ks alebo 1kus<br><\/strong><\/h3>\n\n\n\n<p>Sada obsahuje 9 ks kolkov. Celoplastov\u00e9 vyhotovenie, s guli\u010dkou.<\/p>\n\n\n\n<p><strong>Cena sada: <span style=\"color: #ff0000;\">282,00 <b>\u20ac<\/b> bez DPH<\/span><\/strong>(+ DPH)<\/p>\n\n\n\n<p><strong>Cena 1ks: <span style=\"color: #ff0000;\">31,00&nbsp;<b>\u20ac<\/b> bez DPH<\/span><\/strong>(+ DPH)<\/p>\n\n\n<div class=\"wp-block-image\">\n<figure data-wp-context=\"{&quot;imageId&quot;:&quot;69ece91675d26&quot;}\" data-wp-interactive=\"core\/image\" data-wp-key=\"69ece91675d26\" class=\"aligncenter wp-lightbox-container\"><img loading=\"lazy\" decoding=\"async\" width=\"212\" height=\"300\" data-wp-class--hide=\"state.isContentHidden\" data-wp-class--show=\"state.isContentVisible\" data-wp-init=\"callbacks.setButtonStyles\" data-wp-on--click=\"actions.showLightbox\" data-wp-on--load=\"callbacks.setButtonStyles\" data-wp-on-window--resize=\"callbacks.setButtonStyles\" src=\"https:\/\/zakobowling.com\/wp-content\/uploads\/2016\/06\/210_0-212x300.jpg\" alt=\"210_0\" class=\"wp-image-206\" srcset=\"https:\/\/zakobowling.com\/wp-content\/uploads\/2016\/06\/210_0-212x300.jpg 212w, https:\/\/zakobowling.com\/wp-content\/uploads\/2016\/06\/210_0-1x1.jpg 1w, https:\/\/zakobowling.com\/wp-content\/uploads\/2016\/06\/210_0.jpg 353w\" sizes=\"auto, (max-width: 212px) 100vw, 212px\" \/><button\n\t\t\tclass=\"lightbox-trigger\"\n\t\t\ttype=\"button\"\n\t\t\taria-haspopup=\"dialog\"\n\t\t\taria-label=\"Ingrandisci\"\n\t\t\tdata-wp-init=\"callbacks.initTriggerButton\"\n\t\t\tdata-wp-on--click=\"actions.showLightbox\"\n\t\t\tdata-wp-style--right=\"state.imageButtonRight\"\n\t\t\tdata-wp-style--top=\"state.imageButtonTop\"\n\t\t>\n\t\t\t<svg xmlns=\"http:\/\/www.w3.org\/2000\/svg\" width=\"12\" height=\"12\" fill=\"none\" viewbox=\"0 0 12 12\">\n\t\t\t\t<path fill=\"#fff\" d=\"M2 0a2 2 0 0 0-2 2v2h1.5V2a.5.5 0 0 1 .5-.5h2V0H2Zm2 10.5H2a.5.5 0 0 1-.5-.5V8H0v2a2 2 0 0 0 2 2h2v-1.5ZM8 12v-1.5h2a.5.5 0 0 0 .5-.5V8H12v2a2 2 0 0 1-2 2H8Zm2-12a2 2 0 0 1 2 2v2h-1.5V2a.5.5 0 0 0-.5-.5H8V0h2Z\" \/>\n\t\t\t<\/svg>\n\t\t<\/button><\/figure>\n<\/div>\n\n\n<p><\/p>\n\n\n\n<hr class=\"wp-block-separator has-alpha-channel-opacity\"\/>\n\n\n\n<h3 class=\"wp-block-heading\"><strong>Winner Bowling &#8211; sada 10ks<br><\/strong><\/h3>\n\n\n\n<p>Sada obsahuje 10 ks kolkov. Plastov\u00e9 vyhotovenie s dreven\u00fdm jadrom, bez guli\u010dky. V\u0155tan\u00e9\/Nev\u0155tan\u00e9.<\/p>\n\n\n<div class=\"wp-block-image\">\n<figure data-wp-context=\"{&quot;imageId&quot;:&quot;69ece9167620d&quot;}\" data-wp-interactive=\"core\/image\" data-wp-key=\"69ece9167620d\" class=\"aligncenter wp-lightbox-container\"><img loading=\"lazy\" decoding=\"async\" width=\"225\" height=\"300\" data-wp-class--hide=\"state.isContentHidden\" data-wp-class--show=\"state.isContentVisible\" data-wp-init=\"callbacks.setButtonStyles\" data-wp-on--click=\"actions.showLightbox\" data-wp-on--load=\"callbacks.setButtonStyles\" data-wp-on-window--resize=\"callbacks.setButtonStyles\" src=\"https:\/\/zakobowling.com\/wp-content\/uploads\/2016\/06\/IMG-6445-e1512422945787-225x300.jpg\" alt=\"IMG-6445\" class=\"wp-image-225\" srcset=\"https:\/\/zakobowling.com\/wp-content\/uploads\/2016\/06\/IMG-6445-e1512422945787-225x300.jpg 225w, https:\/\/zakobowling.com\/wp-content\/uploads\/2016\/06\/IMG-6445-e1512422945787-768x1024.jpg 768w\" sizes=\"auto, (max-width: 225px) 100vw, 225px\" \/><button\n\t\t\tclass=\"lightbox-trigger\"\n\t\t\ttype=\"button\"\n\t\t\taria-haspopup=\"dialog\"\n\t\t\taria-label=\"Ingrandisci\"\n\t\t\tdata-wp-init=\"callbacks.initTriggerButton\"\n\t\t\tdata-wp-on--click=\"actions.showLightbox\"\n\t\t\tdata-wp-style--right=\"state.imageButtonRight\"\n\t\t\tdata-wp-style--top=\"state.imageButtonTop\"\n\t\t>\n\t\t\t<svg xmlns=\"http:\/\/www.w3.org\/2000\/svg\" width=\"12\" height=\"12\" fill=\"none\" viewbox=\"0 0 12 12\">\n\t\t\t\t<path fill=\"#fff\" d=\"M2 0a2 2 0 0 0-2 2v2h1.5V2a.5.5 0 0 1 .5-.5h2V0H2Zm2 10.5H2a.5.5 0 0 1-.5-.5V8H0v2a2 2 0 0 0 2 2h2v-1.5ZM8 12v-1.5h2a.5.5 0 0 0 .5-.5V8H12v2a2 2 0 0 1-2 2H8Zm2-12a2 2 0 0 1 2 2v2h-1.5V2a.5.5 0 0 0-.5-.5H8V0h2Z\" \/>\n\t\t\t<\/svg>\n\t\t<\/button><\/figure>\n<\/div>\n\n\n<p><strong>Cena:&nbsp;<span style=\"color: #ff0000;\"> 175,00&nbsp;<b>\u20ac<\/b> bez DPH<\/span><\/strong>(+DPH)<\/p>\n\n\n\n<hr class=\"wp-block-separator has-alpha-channel-opacity\"\/>\n\n\n\n<h3 class=\"wp-block-heading\"><strong>Winner Huricane &#8211; sada 9ks alebo 1ks<br><\/strong><\/h3>\n\n\n\n<p>Sada obsahuje 9 ks kolkov. Plastov\u00e9 vyhotovenie s dreven\u00fdm jadrom, bez guli\u010dky.<\/p>\n\n\n<div class=\"wp-block-image\">\n<figure data-wp-context=\"{&quot;imageId&quot;:&quot;69ece916766aa&quot;}\" data-wp-interactive=\"core\/image\" data-wp-key=\"69ece916766aa\" class=\"aligncenter is-resized wp-lightbox-container\"><img loading=\"lazy\" decoding=\"async\" width=\"262\" height=\"300\" data-wp-class--hide=\"state.isContentHidden\" data-wp-class--show=\"state.isContentVisible\" data-wp-init=\"callbacks.setButtonStyles\" data-wp-on--click=\"actions.showLightbox\" data-wp-on--load=\"callbacks.setButtonStyles\" data-wp-on-window--resize=\"callbacks.setButtonStyles\" src=\"https:\/\/zakobowling.com\/wp-content\/uploads\/2016\/06\/Winner-Hurricane-262x300.jpg\" alt=\"winner-hurricane\" class=\"wp-image-150\" style=\"width:231px;height:auto\" srcset=\"https:\/\/zakobowling.com\/wp-content\/uploads\/2016\/06\/Winner-Hurricane-262x300.jpg 262w, https:\/\/zakobowling.com\/wp-content\/uploads\/2016\/06\/Winner-Hurricane-1x1.jpg 1w, https:\/\/zakobowling.com\/wp-content\/uploads\/2016\/06\/Winner-Hurricane.jpg 640w\" sizes=\"auto, (max-width: 262px) 100vw, 262px\" \/><button\n\t\t\tclass=\"lightbox-trigger\"\n\t\t\ttype=\"button\"\n\t\t\taria-haspopup=\"dialog\"\n\t\t\taria-label=\"Ingrandisci\"\n\t\t\tdata-wp-init=\"callbacks.initTriggerButton\"\n\t\t\tdata-wp-on--click=\"actions.showLightbox\"\n\t\t\tdata-wp-style--right=\"state.imageButtonRight\"\n\t\t\tdata-wp-style--top=\"state.imageButtonTop\"\n\t\t>\n\t\t\t<svg xmlns=\"http:\/\/www.w3.org\/2000\/svg\" width=\"12\" height=\"12\" fill=\"none\" viewbox=\"0 0 12 12\">\n\t\t\t\t<path fill=\"#fff\" d=\"M2 0a2 2 0 0 0-2 2v2h1.5V2a.5.5 0 0 1 .5-.5h2V0H2Zm2 10.5H2a.5.5 0 0 1-.5-.5V8H0v2a2 2 0 0 0 2 2h2v-1.5ZM8 12v-1.5h2a.5.5 0 0 0 .5-.5V8H12v2a2 2 0 0 1-2 2H8Zm2-12a2 2 0 0 1 2 2v2h-1.5V2a.5.5 0 0 0-.5-.5H8V0h2Z\" \/>\n\t\t\t<\/svg>\n\t\t<\/button><\/figure>\n<\/div>\n\n\n<p><strong>Cena: <span style=\"color: #ff0000;\">222,00&nbsp;<b>\u20ac<\/b> bez DPH<\/span><\/strong>(+DPH)<\/p>\n\n\n\n<hr class=\"wp-block-separator has-alpha-channel-opacity\"\/>\n\n\n\n<h3 class=\"wp-block-heading\"><strong>Winner Taifun- sada 9ks<br><\/strong><\/h3>\n\n\n\n<p>Sada obsahuje 9 ks kolkov. Plastov\u00e9 vyhotovenie s dreven\u00fdm jadrom, s guli\u010dkou.<\/p>\n\n\n\n<p><strong>Cena: <span style=\"color: #ff0000;\">230,00&nbsp;<b>\u20ac<\/b> bez DPH<\/span><\/strong>(+ DPH)<\/p>\n\n\n<div class=\"wp-block-image\">\n<figure data-wp-context=\"{&quot;imageId&quot;:&quot;69ece91676b74&quot;}\" data-wp-interactive=\"core\/image\" data-wp-key=\"69ece91676b74\" class=\"aligncenter is-resized wp-lightbox-container\"><img loading=\"lazy\" decoding=\"async\" width=\"200\" height=\"300\" data-wp-class--hide=\"state.isContentHidden\" data-wp-class--show=\"state.isContentVisible\" data-wp-init=\"callbacks.setButtonStyles\" data-wp-on--click=\"actions.showLightbox\" data-wp-on--load=\"callbacks.setButtonStyles\" data-wp-on-window--resize=\"callbacks.setButtonStyles\" src=\"https:\/\/zakobowling.com\/wp-content\/uploads\/2016\/06\/Winner-Taifun-200x300.jpg\" alt=\"winner-taifun\" class=\"wp-image-152\" style=\"width:192px;height:auto\" srcset=\"https:\/\/zakobowling.com\/wp-content\/uploads\/2016\/06\/Winner-Taifun-200x300.jpg 200w, https:\/\/zakobowling.com\/wp-content\/uploads\/2016\/06\/Winner-Taifun-768x1152.jpg 768w, https:\/\/zakobowling.com\/wp-content\/uploads\/2016\/06\/Winner-Taifun-683x1024.jpg 683w, https:\/\/zakobowling.com\/wp-content\/uploads\/2016\/06\/Winner-Taifun-1x1.jpg 1w, https:\/\/zakobowling.com\/wp-content\/uploads\/2016\/06\/Winner-Taifun.jpg 800w\" sizes=\"auto, (max-width: 200px) 100vw, 200px\" \/><button\n\t\t\tclass=\"lightbox-trigger\"\n\t\t\ttype=\"button\"\n\t\t\taria-haspopup=\"dialog\"\n\t\t\taria-label=\"Ingrandisci\"\n\t\t\tdata-wp-init=\"callbacks.initTriggerButton\"\n\t\t\tdata-wp-on--click=\"actions.showLightbox\"\n\t\t\tdata-wp-style--right=\"state.imageButtonRight\"\n\t\t\tdata-wp-style--top=\"state.imageButtonTop\"\n\t\t>\n\t\t\t<svg xmlns=\"http:\/\/www.w3.org\/2000\/svg\" width=\"12\" height=\"12\" fill=\"none\" viewbox=\"0 0 12 12\">\n\t\t\t\t<path fill=\"#fff\" d=\"M2 0a2 2 0 0 0-2 2v2h1.5V2a.5.5 0 0 1 .5-.5h2V0H2Zm2 10.5H2a.5.5 0 0 1-.5-.5V8H0v2a2 2 0 0 0 2 2h2v-1.5ZM8 12v-1.5h2a.5.5 0 0 0 .5-.5V8H12v2a2 2 0 0 1-2 2H8Zm2-12a2 2 0 0 1 2 2v2h-1.5V2a.5.5 0 0 0-.5-.5H8V0h2Z\" \/>\n\t\t\t<\/svg>\n\t\t<\/button><\/figure>\n<\/div>\n\n\n<p><\/p>\n\n\n\n<hr class=\"wp-block-separator has-alpha-channel-opacity\"\/>\n\n\n\n<h3 class=\"wp-block-heading\"><strong>Syndur TOP Premium &#8211; sada 9ks<br><\/strong><\/h3>\n\n\n\n<p>Sada obsahuje 9 ks kolkov. Celoplastov\u00e9 vyhotovenie, bez guli\u010dky\/s guli\u010dkou.<\/p>\n\n\n\n<p><strong>Cena: <span style=\"color: #ff0000;\">295,00&nbsp;<b>\u20ac<\/b> bez DPH<\/span><\/strong>(+DPH) bez guli\u010dky<\/p>\n\n\n\n<p><strong>Cena: <span style=\"color: #ff0000;\">305,00&nbsp;<b>\u20ac<\/b> bez DPH<\/span><\/strong>(+ DPH) s guli\u010dkou<\/p>\n\n\n<div class=\"wp-block-image\">\n<figure data-wp-context=\"{&quot;imageId&quot;:&quot;69ece9167719d&quot;}\" data-wp-interactive=\"core\/image\" data-wp-key=\"69ece9167719d\" class=\"aligncenter is-resized wp-lightbox-container\"><img loading=\"lazy\" decoding=\"async\" width=\"219\" height=\"300\" data-wp-class--hide=\"state.isContentHidden\" data-wp-class--show=\"state.isContentVisible\" data-wp-init=\"callbacks.setButtonStyles\" data-wp-on--click=\"actions.showLightbox\" data-wp-on--load=\"callbacks.setButtonStyles\" data-wp-on-window--resize=\"callbacks.setButtonStyles\" src=\"https:\/\/zakobowling.com\/wp-content\/uploads\/2016\/06\/Syndur-Top-219x300.jpg\" alt=\"syndur-top\" class=\"wp-image-153\" style=\"width:206px;height:auto\" srcset=\"https:\/\/zakobowling.com\/wp-content\/uploads\/2016\/06\/Syndur-Top-219x300.jpg 219w, https:\/\/zakobowling.com\/wp-content\/uploads\/2016\/06\/Syndur-Top-768x1054.jpg 768w, https:\/\/zakobowling.com\/wp-content\/uploads\/2016\/06\/Syndur-Top-746x1024.jpg 746w, https:\/\/zakobowling.com\/wp-content\/uploads\/2016\/06\/Syndur-Top-1x1.jpg 1w, https:\/\/zakobowling.com\/wp-content\/uploads\/2016\/06\/Syndur-Top.jpg 800w\" sizes=\"auto, (max-width: 219px) 100vw, 219px\" \/><button\n\t\t\tclass=\"lightbox-trigger\"\n\t\t\ttype=\"button\"\n\t\t\taria-haspopup=\"dialog\"\n\t\t\taria-label=\"Ingrandisci\"\n\t\t\tdata-wp-init=\"callbacks.initTriggerButton\"\n\t\t\tdata-wp-on--click=\"actions.showLightbox\"\n\t\t\tdata-wp-style--right=\"state.imageButtonRight\"\n\t\t\tdata-wp-style--top=\"state.imageButtonTop\"\n\t\t>\n\t\t\t<svg xmlns=\"http:\/\/www.w3.org\/2000\/svg\" width=\"12\" height=\"12\" fill=\"none\" viewbox=\"0 0 12 12\">\n\t\t\t\t<path fill=\"#fff\" d=\"M2 0a2 2 0 0 0-2 2v2h1.5V2a.5.5 0 0 1 .5-.5h2V0H2Zm2 10.5H2a.5.5 0 0 1-.5-.5V8H0v2a2 2 0 0 0 2 2h2v-1.5ZM8 12v-1.5h2a.5.5 0 0 0 .5-.5V8H12v2a2 2 0 0 1-2 2H8Zm2-12a2 2 0 0 1 2 2v2h-1.5V2a.5.5 0 0 0-.5-.5H8V0h2Z\" \/>\n\t\t\t<\/svg>\n\t\t<\/button><\/figure>\n<\/div>\n\n\n<p><\/p>\n\n\n\n<hr class=\"wp-block-separator has-alpha-channel-opacity\"\/>\n\n\n\n<h3 class=\"wp-block-heading\"><strong>Funk&nbsp; Diamant- sada 9ks<br><\/strong><\/h3>\n\n\n\n<p>Sada obsahuje 9 ks kolkov. Celoplastov\u00e9 vyhotovenie s guli\u010dkou.<\/p>\n\n\n\n<p><strong>Cena: <span style=\"color: #ff0000;\">325,00&nbsp;<b>\u20ac<\/b> bez DPH<\/span><\/strong>(+ DPH)<\/p>\n\n\n<div class=\"wp-block-image\">\n<figure data-wp-context=\"{&quot;imageId&quot;:&quot;69ece9167778a&quot;}\" data-wp-interactive=\"core\/image\" data-wp-key=\"69ece9167778a\" class=\"aligncenter is-resized wp-lightbox-container\"><img loading=\"lazy\" decoding=\"async\" width=\"226\" height=\"300\" data-wp-class--hide=\"state.isContentHidden\" data-wp-class--show=\"state.isContentVisible\" data-wp-init=\"callbacks.setButtonStyles\" data-wp-on--click=\"actions.showLightbox\" data-wp-on--load=\"callbacks.setButtonStyles\" data-wp-on-window--resize=\"callbacks.setButtonStyles\" src=\"https:\/\/zakobowling.com\/wp-content\/uploads\/2016\/06\/Funk-diamant-226x300.jpg\" alt=\"funk-diamant\" class=\"wp-image-154\" style=\"width:217px;height:auto\" srcset=\"https:\/\/zakobowling.com\/wp-content\/uploads\/2016\/06\/Funk-diamant-226x300.jpg 226w, https:\/\/zakobowling.com\/wp-content\/uploads\/2016\/06\/Funk-diamant-768x1020.jpg 768w, https:\/\/zakobowling.com\/wp-content\/uploads\/2016\/06\/Funk-diamant.jpg 771w, https:\/\/zakobowling.com\/wp-content\/uploads\/2016\/06\/Funk-diamant-1x1.jpg 1w\" sizes=\"auto, (max-width: 226px) 100vw, 226px\" \/><button\n\t\t\tclass=\"lightbox-trigger\"\n\t\t\ttype=\"button\"\n\t\t\taria-haspopup=\"dialog\"\n\t\t\taria-label=\"Ingrandisci\"\n\t\t\tdata-wp-init=\"callbacks.initTriggerButton\"\n\t\t\tdata-wp-on--click=\"actions.showLightbox\"\n\t\t\tdata-wp-style--right=\"state.imageButtonRight\"\n\t\t\tdata-wp-style--top=\"state.imageButtonTop\"\n\t\t>\n\t\t\t<svg xmlns=\"http:\/\/www.w3.org\/2000\/svg\" width=\"12\" height=\"12\" fill=\"none\" viewbox=\"0 0 12 12\">\n\t\t\t\t<path fill=\"#fff\" d=\"M2 0a2 2 0 0 0-2 2v2h1.5V2a.5.5 0 0 1 .5-.5h2V0H2Zm2 10.5H2a.5.5 0 0 1-.5-.5V8H0v2a2 2 0 0 0 2 2h2v-1.5ZM8 12v-1.5h2a.5.5 0 0 0 .5-.5V8H12v2a2 2 0 0 1-2 2H8Zm2-12a2 2 0 0 1 2 2v2h-1.5V2a.5.5 0 0 0-.5-.5H8V0h2Z\" \/>\n\t\t\t<\/svg>\n\t\t<\/button><\/figure>\n<\/div>\n\n\n<p><\/p>\n\n\n\n<hr class=\"wp-block-separator has-alpha-channel-opacity\"\/>\n\n\n\n<p><strong><em>Pre objedn\u00e1vku a mo\u017enosti dodania pros\u00edme, kontaktova\u0165 e-mailom alebo telefonicky. V pr\u00edpade z\u00e1ujmu o in\u00fd druh kolkov taktie\u017e.<\/em><\/strong><\/p>\n\n\n\n<p>Ceny platn\u00e9 od 1.1.2025<\/p>","protected":false},"excerpt":{"rendered":"<p>Kontakt pre objedn\u00e1vku: info@zakobowling.com alebo +421905635628 V na\u0161ej ponuke moment\u00e1lne n\u00e1jdete: KeBo Tornado plus (Vollmer Tornado plus) &#8211; sada 9ks alebo 1kus Sada obsahuje 9 ks kolkov. Celoplastov\u00e9 vyhotovenie, bez guli\u010dky. Cena sada: 262,00 \u20ac bez DPH(+DPH) Cena 1ks: 29,00 \u20ac bez DPH(+ DPH) KeBo Tornado plus Vision (Vollmer Tornado plus Vision) &#8211; sada 9ks&#8230;<\/p>","protected":false},"author":1,"featured_media":0,"parent":43,"menu_order":2,"comment_status":"closed","ping_status":"closed","template":"","meta":{"footnotes":""},"class_list":["post-94","page","type-page","status-publish","hentry"],"yoast_head":"<!-- This site is optimized with the Yoast SEO plugin v26.2 - https:\/\/yoast.com\/wordpress\/plugins\/seo\/ -->\n<title>Kolky (kolky a bowling) - ZAKO BOWLING<\/title>\n<meta name=\"robots\" content=\"index, follow, max-snippet:-1, max-image-preview:large, max-video-preview:-1\" \/>\n<link rel=\"canonical\" href=\"https:\/\/zakobowling.com\/it\/e-shop\/kolky\/kolky\/\" \/>\n<meta property=\"og:locale\" content=\"it_IT\" \/>\n<meta property=\"og:type\" content=\"article\" \/>\n<meta property=\"og:title\" content=\"Kolky (kolky a bowling) - ZAKO BOWLING\" \/>\n<meta property=\"og:description\" content=\"Kontakt pre objedn\u00e1vku: info@zakobowling.com alebo +421905635628 V na\u0161ej ponuke moment\u00e1lne n\u00e1jdete: KeBo Tornado plus (Vollmer Tornado plus) &#8211; sada 9ks alebo 1kus Sada obsahuje 9 ks kolkov. Celoplastov\u00e9 vyhotovenie, bez guli\u010dky. Cena sada: 262,00 \u20ac bez DPH(+DPH) Cena 1ks: 29,00 \u20ac bez DPH(+ DPH) KeBo Tornado plus Vision (Vollmer Tornado plus Vision) &#8211; sada 9ks...\" \/>\n<meta property=\"og:url\" content=\"https:\/\/zakobowling.com\/it\/e-shop\/kolky\/kolky\/\" \/>\n<meta property=\"og:site_name\" content=\"ZAKO BOWLING\" \/>\n<meta property=\"article:modified_time\" content=\"2025-12-18T18:28:36+00:00\" \/>\n<meta property=\"og:image\" content=\"https:\/\/zakobowling.com\/wp-content\/uploads\/2016\/06\/kolky.jpg\" \/>\n\t<meta property=\"og:image:width\" content=\"353\" \/>\n\t<meta property=\"og:image:height\" content=\"500\" \/>\n\t<meta property=\"og:image:type\" content=\"image\/jpeg\" \/>\n<meta name=\"twitter:card\" content=\"summary_large_image\" \/>\n<meta name=\"twitter:label1\" content=\"Tempo di lettura stimato\" \/>\n\t<meta name=\"twitter:data1\" content=\"3 minuti\" \/>\n<script type=\"application\/ld+json\" class=\"yoast-schema-graph\">{\"@context\":\"https:\/\/schema.org\",\"@graph\":[{\"@type\":\"WebPage\",\"@id\":\"https:\/\/zakobowling.com\/e-shop\/kolky\/kolky\/\",\"url\":\"https:\/\/zakobowling.com\/e-shop\/kolky\/kolky\/\",\"name\":\"Kolky (kolky a bowling) - ZAKO BOWLING\",\"isPartOf\":{\"@id\":\"https:\/\/zakobowling.com\/#website\"},\"primaryImageOfPage\":{\"@id\":\"https:\/\/zakobowling.com\/e-shop\/kolky\/kolky\/#primaryimage\"},\"image\":{\"@id\":\"https:\/\/zakobowling.com\/e-shop\/kolky\/kolky\/#primaryimage\"},\"thumbnailUrl\":\"https:\/\/zakobowling.com\/wp-content\/uploads\/2016\/06\/kolky-212x300.jpg\",\"datePublished\":\"2016-06-20T13:25:59+00:00\",\"dateModified\":\"2025-12-18T18:28:36+00:00\",\"breadcrumb\":{\"@id\":\"https:\/\/zakobowling.com\/e-shop\/kolky\/kolky\/#breadcrumb\"},\"inLanguage\":\"it-IT\",\"potentialAction\":[{\"@type\":\"ReadAction\",\"target\":[\"https:\/\/zakobowling.com\/e-shop\/kolky\/kolky\/\"]}]},{\"@type\":\"ImageObject\",\"inLanguage\":\"it-IT\",\"@id\":\"https:\/\/zakobowling.com\/e-shop\/kolky\/kolky\/#primaryimage\",\"url\":\"https:\/\/zakobowling.com\/wp-content\/uploads\/2016\/06\/kolky-212x300.jpg\",\"contentUrl\":\"https:\/\/zakobowling.com\/wp-content\/uploads\/2016\/06\/kolky-212x300.jpg\"},{\"@type\":\"BreadcrumbList\",\"@id\":\"https:\/\/zakobowling.com\/e-shop\/kolky\/kolky\/#breadcrumb\",\"itemListElement\":[{\"@type\":\"ListItem\",\"position\":1,\"name\":\"Domovsk\u00e1 str\u00e1nka\",\"item\":\"https:\/\/zakobowling.com\/\"},{\"@type\":\"ListItem\",\"position\":2,\"name\":\"E-SHOP\",\"item\":\"https:\/\/zakobowling.com\/e-shop\/\"},{\"@type\":\"ListItem\",\"position\":3,\"name\":\"KOLKY\",\"item\":\"https:\/\/zakobowling.com\/e-shop\/kolky\/\"},{\"@type\":\"ListItem\",\"position\":4,\"name\":\"Kolky (kolky a bowling)\"}]},{\"@type\":\"WebSite\",\"@id\":\"https:\/\/zakobowling.com\/#website\",\"url\":\"https:\/\/zakobowling.com\/\",\"name\":\"ZAKO BOWLING\",\"description\":\"kolky&amp;bowling\",\"publisher\":{\"@id\":\"https:\/\/zakobowling.com\/#organization\"},\"potentialAction\":[{\"@type\":\"SearchAction\",\"target\":{\"@type\":\"EntryPoint\",\"urlTemplate\":\"https:\/\/zakobowling.com\/?s={search_term_string}\"},\"query-input\":{\"@type\":\"PropertyValueSpecification\",\"valueRequired\":true,\"valueName\":\"search_term_string\"}}],\"inLanguage\":\"it-IT\"},{\"@type\":\"Organization\",\"@id\":\"https:\/\/zakobowling.com\/#organization\",\"name\":\"Zako Slovakia, s. r. o.\",\"url\":\"https:\/\/zakobowling.com\/\",\"logo\":{\"@type\":\"ImageObject\",\"inLanguage\":\"it-IT\",\"@id\":\"https:\/\/zakobowling.com\/#\/schema\/logo\/image\/\",\"url\":\"https:\/\/zakobowling.com\/wp-content\/uploads\/2016\/05\/12784657_10207363150895975_1124600290_n.jpg\",\"contentUrl\":\"https:\/\/zakobowling.com\/wp-content\/uploads\/2016\/05\/12784657_10207363150895975_1124600290_n.jpg\",\"width\":921,\"height\":960,\"caption\":\"Zako Slovakia, s. r. o.\"},\"image\":{\"@id\":\"https:\/\/zakobowling.com\/#\/schema\/logo\/image\/\"}}]}<\/script>\n<!-- \/ Yoast SEO plugin. -->","yoast_head_json":{"title":"Kolky (kolky a bowling) - ZAKO BOWLING","robots":{"index":"index","follow":"follow","max-snippet":"max-snippet:-1","max-image-preview":"max-image-preview:large","max-video-preview":"max-video-preview:-1"},"canonical":"https:\/\/zakobowling.com\/it\/e-shop\/kolky\/kolky\/","og_locale":"it_IT","og_type":"article","og_title":"Kolky (kolky a bowling) - ZAKO BOWLING","og_description":"Kontakt pre objedn\u00e1vku: info@zakobowling.com alebo +421905635628 V na\u0161ej ponuke moment\u00e1lne n\u00e1jdete: KeBo Tornado plus (Vollmer Tornado plus) &#8211; sada 9ks alebo 1kus Sada obsahuje 9 ks kolkov. Celoplastov\u00e9 vyhotovenie, bez guli\u010dky. Cena sada: 262,00 \u20ac bez DPH(+DPH) Cena 1ks: 29,00 \u20ac bez DPH(+ DPH) KeBo Tornado plus Vision (Vollmer Tornado plus Vision) &#8211; sada 9ks...","og_url":"https:\/\/zakobowling.com\/it\/e-shop\/kolky\/kolky\/","og_site_name":"ZAKO BOWLING","article_modified_time":"2025-12-18T18:28:36+00:00","og_image":[{"width":353,"height":500,"url":"https:\/\/zakobowling.com\/wp-content\/uploads\/2016\/06\/kolky.jpg","type":"image\/jpeg"}],"twitter_card":"summary_large_image","twitter_misc":{"Tempo di lettura stimato":"3 minuti"},"schema":{"@context":"https:\/\/schema.org","@graph":[{"@type":"WebPage","@id":"https:\/\/zakobowling.com\/e-shop\/kolky\/kolky\/","url":"https:\/\/zakobowling.com\/e-shop\/kolky\/kolky\/","name":"Kolky (kolky a bowling) - ZAKO BOWLING","isPartOf":{"@id":"https:\/\/zakobowling.com\/#website"},"primaryImageOfPage":{"@id":"https:\/\/zakobowling.com\/e-shop\/kolky\/kolky\/#primaryimage"},"image":{"@id":"https:\/\/zakobowling.com\/e-shop\/kolky\/kolky\/#primaryimage"},"thumbnailUrl":"https:\/\/zakobowling.com\/wp-content\/uploads\/2016\/06\/kolky-212x300.jpg","datePublished":"2016-06-20T13:25:59+00:00","dateModified":"2025-12-18T18:28:36+00:00","breadcrumb":{"@id":"https:\/\/zakobowling.com\/e-shop\/kolky\/kolky\/#breadcrumb"},"inLanguage":"it-IT","potentialAction":[{"@type":"ReadAction","target":["https:\/\/zakobowling.com\/e-shop\/kolky\/kolky\/"]}]},{"@type":"ImageObject","inLanguage":"it-IT","@id":"https:\/\/zakobowling.com\/e-shop\/kolky\/kolky\/#primaryimage","url":"https:\/\/zakobowling.com\/wp-content\/uploads\/2016\/06\/kolky-212x300.jpg","contentUrl":"https:\/\/zakobowling.com\/wp-content\/uploads\/2016\/06\/kolky-212x300.jpg"},{"@type":"BreadcrumbList","@id":"https:\/\/zakobowling.com\/e-shop\/kolky\/kolky\/#breadcrumb","itemListElement":[{"@type":"ListItem","position":1,"name":"Domovsk\u00e1 str\u00e1nka","item":"https:\/\/zakobowling.com\/"},{"@type":"ListItem","position":2,"name":"E-SHOP","item":"https:\/\/zakobowling.com\/e-shop\/"},{"@type":"ListItem","position":3,"name":"KOLKY","item":"https:\/\/zakobowling.com\/e-shop\/kolky\/"},{"@type":"ListItem","position":4,"name":"Kolky (kolky a bowling)"}]},{"@type":"WebSite","@id":"https:\/\/zakobowling.com\/#website","url":"https:\/\/zakobowling.com\/","name":"ZAKO BOWLING","description":"kolky&amp;bowling","publisher":{"@id":"https:\/\/zakobowling.com\/#organization"},"potentialAction":[{"@type":"SearchAction","target":{"@type":"EntryPoint","urlTemplate":"https:\/\/zakobowling.com\/?s={search_term_string}"},"query-input":{"@type":"PropertyValueSpecification","valueRequired":true,"valueName":"search_term_string"}}],"inLanguage":"it-IT"},{"@type":"Organization","@id":"https:\/\/zakobowling.com\/#organization","name":"Zako Slovakia, s. r. o.","url":"https:\/\/zakobowling.com\/","logo":{"@type":"ImageObject","inLanguage":"it-IT","@id":"https:\/\/zakobowling.com\/#\/schema\/logo\/image\/","url":"https:\/\/zakobowling.com\/wp-content\/uploads\/2016\/05\/12784657_10207363150895975_1124600290_n.jpg","contentUrl":"https:\/\/zakobowling.com\/wp-content\/uploads\/2016\/05\/12784657_10207363150895975_1124600290_n.jpg","width":921,"height":960,"caption":"Zako Slovakia, s. r. o."},"image":{"@id":"https:\/\/zakobowling.com\/#\/schema\/logo\/image\/"}}]}},"_links":{"self":[{"href":"https:\/\/zakobowling.com\/it\/wp-json\/wp\/v2\/pages\/94","targetHints":{"allow":["GET"]}}],"collection":[{"href":"https:\/\/zakobowling.com\/it\/wp-json\/wp\/v2\/pages"}],"about":[{"href":"https:\/\/zakobowling.com\/it\/wp-json\/wp\/v2\/types\/page"}],"author":[{"embeddable":true,"href":"https:\/\/zakobowling.com\/it\/wp-json\/wp\/v2\/users\/1"}],"replies":[{"embeddable":true,"href":"https:\/\/zakobowling.com\/it\/wp-json\/wp\/v2\/comments?post=94"}],"version-history":[{"count":6,"href":"https:\/\/zakobowling.com\/it\/wp-json\/wp\/v2\/pages\/94\/revisions"}],"predecessor-version":[{"id":1003,"href":"https:\/\/zakobowling.com\/it\/wp-json\/wp\/v2\/pages\/94\/revisions\/1003"}],"up":[{"embeddable":true,"href":"https:\/\/zakobowling.com\/it\/wp-json\/wp\/v2\/pages\/43"}],"wp:attachment":[{"href":"https:\/\/zakobowling.com\/it\/wp-json\/wp\/v2\/media?parent=94"}],"curies":[{"name":"wp","href":"https:\/\/api.w.org\/{rel}","templated":true}]}}