{"id":720,"date":"2023-04-14T17:49:13","date_gmt":"2023-04-14T15:49:13","guid":{"rendered":"https:\/\/zakobowling.com\/?page_id=720"},"modified":"2023-09-03T19:14:55","modified_gmt":"2023-09-03T17:14:55","slug":"videa","status":"publish","type":"page","link":"https:\/\/zakobowling.com\/it\/videa\/","title":{"rendered":"VIDE\u00c1"},"content":{"rendered":"<figure class=\"wp-block-embed is-type-video is-provider-youtube wp-block-embed-youtube wp-embed-aspect-16-9 wp-has-aspect-ratio\"><div class=\"wp-block-embed__wrapper\">\n<iframe loading=\"lazy\" title=\"\u00dadr\u017eba kolk\u00e1rskych dr\u00e1h -1.Pastovanie dr\u00e1h (SVK verzia)\" width=\"654\" height=\"368\" src=\"https:\/\/www.youtube.com\/embed\/C9yDvvuvboE?start=3&#038;feature=oembed\" frameborder=\"0\" allow=\"accelerometer; autoplay; clipboard-write; encrypted-media; gyroscope; picture-in-picture; web-share\" referrerpolicy=\"strict-origin-when-cross-origin\" allowfullscreen><\/iframe>\n<\/div><\/figure>","protected":false},"excerpt":{"rendered":"","protected":false},"author":1,"featured_media":0,"parent":0,"menu_order":0,"comment_status":"closed","ping_status":"closed","template":"","meta":{"footnotes":""},"class_list":["post-720","page","type-page","status-publish","hentry"],"yoast_head":"<!-- This site is optimized with the Yoast SEO plugin v26.2 - https:\/\/yoast.com\/wordpress\/plugins\/seo\/ -->\n<title>VIDE\u00c1 - ZAKO BOWLING<\/title>\n<meta name=\"robots\" content=\"index, follow, max-snippet:-1, max-image-preview:large, max-video-preview:-1\" \/>\n<link rel=\"canonical\" href=\"https:\/\/zakobowling.com\/it\/videa\/\" \/>\n<meta property=\"og:locale\" content=\"it_IT\" \/>\n<meta property=\"og:type\" content=\"article\" \/>\n<meta property=\"og:title\" content=\"VIDE\u00c1 - ZAKO BOWLING\" \/>\n<meta property=\"og:url\" content=\"https:\/\/zakobowling.com\/it\/videa\/\" \/>\n<meta property=\"og:site_name\" content=\"ZAKO BOWLING\" \/>\n<meta property=\"article:modified_time\" content=\"2023-09-03T17:14:55+00:00\" \/>\n<meta name=\"twitter:card\" content=\"summary_large_image\" \/>\n<meta name=\"twitter:label1\" content=\"Tempo di lettura stimato\" \/>\n\t<meta name=\"twitter:data1\" content=\"1 minuto\" \/>\n<script type=\"application\/ld+json\" class=\"yoast-schema-graph\">{\"@context\":\"https:\/\/schema.org\",\"@graph\":[{\"@type\":\"WebPage\",\"@id\":\"https:\/\/zakobowling.com\/videa\/\",\"url\":\"https:\/\/zakobowling.com\/videa\/\",\"name\":\"VIDE\u00c1 - ZAKO BOWLING\",\"isPartOf\":{\"@id\":\"https:\/\/zakobowling.com\/#website\"},\"datePublished\":\"2023-04-14T15:49:13+00:00\",\"dateModified\":\"2023-09-03T17:14:55+00:00\",\"breadcrumb\":{\"@id\":\"https:\/\/zakobowling.com\/videa\/#breadcrumb\"},\"inLanguage\":\"it-IT\",\"potentialAction\":[{\"@type\":\"ReadAction\",\"target\":[\"https:\/\/zakobowling.com\/videa\/\"]}]},{\"@type\":\"BreadcrumbList\",\"@id\":\"https:\/\/zakobowling.com\/videa\/#breadcrumb\",\"itemListElement\":[{\"@type\":\"ListItem\",\"position\":1,\"name\":\"Domovsk\u00e1 str\u00e1nka\",\"item\":\"https:\/\/zakobowling.com\/\"},{\"@type\":\"ListItem\",\"position\":2,\"name\":\"VIDE\u00c1\"}]},{\"@type\":\"WebSite\",\"@id\":\"https:\/\/zakobowling.com\/#website\",\"url\":\"https:\/\/zakobowling.com\/\",\"name\":\"ZAKO BOWLING\",\"description\":\"kolky&amp;bowling\",\"publisher\":{\"@id\":\"https:\/\/zakobowling.com\/#organization\"},\"potentialAction\":[{\"@type\":\"SearchAction\",\"target\":{\"@type\":\"EntryPoint\",\"urlTemplate\":\"https:\/\/zakobowling.com\/?s={search_term_string}\"},\"query-input\":{\"@type\":\"PropertyValueSpecification\",\"valueRequired\":true,\"valueName\":\"search_term_string\"}}],\"inLanguage\":\"it-IT\"},{\"@type\":\"Organization\",\"@id\":\"https:\/\/zakobowling.com\/#organization\",\"name\":\"Zako Slovakia, s. r. o.\",\"url\":\"https:\/\/zakobowling.com\/\",\"logo\":{\"@type\":\"ImageObject\",\"inLanguage\":\"it-IT\",\"@id\":\"https:\/\/zakobowling.com\/#\/schema\/logo\/image\/\",\"url\":\"https:\/\/zakobowling.com\/wp-content\/uploads\/2016\/05\/12784657_10207363150895975_1124600290_n.jpg\",\"contentUrl\":\"https:\/\/zakobowling.com\/wp-content\/uploads\/2016\/05\/12784657_10207363150895975_1124600290_n.jpg\",\"width\":921,\"height\":960,\"caption\":\"Zako Slovakia, s. r. o.\"},\"image\":{\"@id\":\"https:\/\/zakobowling.com\/#\/schema\/logo\/image\/\"}}]}<\/script>\n<!-- \/ Yoast SEO plugin. -->","yoast_head_json":{"title":"VIDE\u00c1 - ZAKO BOWLING","robots":{"index":"index","follow":"follow","max-snippet":"max-snippet:-1","max-image-preview":"max-image-preview:large","max-video-preview":"max-video-preview:-1"},"canonical":"https:\/\/zakobowling.com\/it\/videa\/","og_locale":"it_IT","og_type":"article","og_title":"VIDE\u00c1 - ZAKO BOWLING","og_url":"https:\/\/zakobowling.com\/it\/videa\/","og_site_name":"ZAKO BOWLING","article_modified_time":"2023-09-03T17:14:55+00:00","twitter_card":"summary_large_image","twitter_misc":{"Tempo di lettura stimato":"1 minuto"},"schema":{"@context":"https:\/\/schema.org","@graph":[{"@type":"WebPage","@id":"https:\/\/zakobowling.com\/videa\/","url":"https:\/\/zakobowling.com\/videa\/","name":"VIDE\u00c1 - ZAKO BOWLING","isPartOf":{"@id":"https:\/\/zakobowling.com\/#website"},"datePublished":"2023-04-14T15:49:13+00:00","dateModified":"2023-09-03T17:14:55+00:00","breadcrumb":{"@id":"https:\/\/zakobowling.com\/videa\/#breadcrumb"},"inLanguage":"it-IT","potentialAction":[{"@type":"ReadAction","target":["https:\/\/zakobowling.com\/videa\/"]}]},{"@type":"BreadcrumbList","@id":"https:\/\/zakobowling.com\/videa\/#breadcrumb","itemListElement":[{"@type":"ListItem","position":1,"name":"Domovsk\u00e1 str\u00e1nka","item":"https:\/\/zakobowling.com\/"},{"@type":"ListItem","position":2,"name":"VIDE\u00c1"}]},{"@type":"WebSite","@id":"https:\/\/zakobowling.com\/#website","url":"https:\/\/zakobowling.com\/","name":"ZAKO BOWLING","description":"kolky&amp;bowling","publisher":{"@id":"https:\/\/zakobowling.com\/#organization"},"potentialAction":[{"@type":"SearchAction","target":{"@type":"EntryPoint","urlTemplate":"https:\/\/zakobowling.com\/?s={search_term_string}"},"query-input":{"@type":"PropertyValueSpecification","valueRequired":true,"valueName":"search_term_string"}}],"inLanguage":"it-IT"},{"@type":"Organization","@id":"https:\/\/zakobowling.com\/#organization","name":"Zako Slovakia, s. r. o.","url":"https:\/\/zakobowling.com\/","logo":{"@type":"ImageObject","inLanguage":"it-IT","@id":"https:\/\/zakobowling.com\/#\/schema\/logo\/image\/","url":"https:\/\/zakobowling.com\/wp-content\/uploads\/2016\/05\/12784657_10207363150895975_1124600290_n.jpg","contentUrl":"https:\/\/zakobowling.com\/wp-content\/uploads\/2016\/05\/12784657_10207363150895975_1124600290_n.jpg","width":921,"height":960,"caption":"Zako Slovakia, s. r. o."},"image":{"@id":"https:\/\/zakobowling.com\/#\/schema\/logo\/image\/"}}]}},"_links":{"self":[{"href":"https:\/\/zakobowling.com\/it\/wp-json\/wp\/v2\/pages\/720","targetHints":{"allow":["GET"]}}],"collection":[{"href":"https:\/\/zakobowling.com\/it\/wp-json\/wp\/v2\/pages"}],"about":[{"href":"https:\/\/zakobowling.com\/it\/wp-json\/wp\/v2\/types\/page"}],"author":[{"embeddable":true,"href":"https:\/\/zakobowling.com\/it\/wp-json\/wp\/v2\/users\/1"}],"replies":[{"embeddable":true,"href":"https:\/\/zakobowling.com\/it\/wp-json\/wp\/v2\/comments?post=720"}],"version-history":[{"count":3,"href":"https:\/\/zakobowling.com\/it\/wp-json\/wp\/v2\/pages\/720\/revisions"}],"predecessor-version":[{"id":749,"href":"https:\/\/zakobowling.com\/it\/wp-json\/wp\/v2\/pages\/720\/revisions\/749"}],"wp:attachment":[{"href":"https:\/\/zakobowling.com\/it\/wp-json\/wp\/v2\/media?parent=720"}],"curies":[{"name":"wp","href":"https:\/\/api.w.org\/{rel}","templated":true}]}}