{"id":43,"date":"2016-06-01T19:41:58","date_gmt":"2016-06-01T17:41:58","guid":{"rendered":"https:\/\/zakobowling.com\/?page_id=43"},"modified":"2024-01-16T22:29:56","modified_gmt":"2024-01-16T20:29:56","slug":"kolky","status":"publish","type":"page","link":"https:\/\/zakobowling.com\/it\/e-shop\/kolky\/","title":{"rendered":"KOLKY"},"content":{"rendered":"<p>Technol\u00f3gia kolk\u00e1rskych dr\u00e1h zna\u010dky ZAKO prin\u00e1\u0161a z\u00e1kazn\u00edkom maxim\u00e1lny komfort v\u010faka svojej prec\u00edznosti a kvalite, \u010do je overen\u00e9 rokmi vo v\u0161etk\u00fdch na\u0161ich projektoch po celej Eur\u00f3pe.<\/p>\n<p>Na\u0161a firma dok\u00e1\u017ee zabezpe\u010di\u0165 \u010di u\u017e mont\u00e1\u017e nov\u00fdch kolk\u00e1rskych dr\u00e1h v najvy\u0161\u0161ej kvalite, alebo aj samostatn\u00fd predaj a mont\u00e1\u017e r\u00f4znych \u010dast\u00ed kolk\u00e1rskych dr\u00e1h ako je stavacia technika, plastov\u00e9 dr\u00e1hov\u00e9 segmenty, najmodernej\u0161ia riadiaca elektronika a mnoho \u010fal\u0161ieho.<\/p>\n<p>V\u00fdrobky zna\u010dky ZAKO sp\u013a\u0148aj\u00fa v\u0161etky medzin\u00e1rodn\u00e9 normy a \u0161tandardy ako stavebn\u00fdch tak aj kolk\u00e1rskych vydan\u00fdch feder\u00e1ciou World Bowling.<\/p>\n<p>Ke\u010f\u017ee mo\u017enost\u00ed v\u00fdstavby alebo rekon\u0161trukci\u00ed je ve\u013emi ve\u013ea a ka\u017ed\u00e1 je nie\u010d\u00edm \u0161pecifick\u00e1, v pr\u00edpade z\u00e1ujmu o na\u0161e slu\u017eby, ktor\u00e9 V\u00e1m prisp\u00f4sob\u00edme na mieru, pros\u00edme kontaktova\u0165 na\u0161u spolo\u010dnos\u0165 bu\u010f mailom na zakoslovakia@gmail.com alebo telefonicky na +421905635628.<\/p>\n<p><a href=\"https:\/\/zakobowling.com\/wp-content\/uploads\/2023\/12\/Sierakow_2023-scaled.jpg\"><img loading=\"lazy\" decoding=\"async\" class=\"aligncenter size-large wp-image-785\" src=\"https:\/\/zakobowling.com\/wp-content\/uploads\/2023\/12\/Sierakow_2023-1024x768.jpg\" alt=\"\" width=\"654\" height=\"491\" srcset=\"https:\/\/zakobowling.com\/wp-content\/uploads\/2023\/12\/Sierakow_2023-1024x768.jpg 1024w, https:\/\/zakobowling.com\/wp-content\/uploads\/2023\/12\/Sierakow_2023-300x225.jpg 300w, https:\/\/zakobowling.com\/wp-content\/uploads\/2023\/12\/Sierakow_2023-768x576.jpg 768w, https:\/\/zakobowling.com\/wp-content\/uploads\/2023\/12\/Sierakow_2023-1536x1152.jpg 1536w, https:\/\/zakobowling.com\/wp-content\/uploads\/2023\/12\/Sierakow_2023-2048x1536.jpg 2048w, https:\/\/zakobowling.com\/wp-content\/uploads\/2023\/12\/Sierakow_2023-16x12.jpg 16w, https:\/\/zakobowling.com\/wp-content\/uploads\/2023\/12\/Sierakow_2023-1x1.jpg 1w\" sizes=\"auto, (max-width: 654px) 100vw, 654px\" \/><\/a><\/p>\n<p style=\"text-align: center;\"><a href=\"https:\/\/zakobowling.com\/wp-content\/uploads\/2021\/03\/Prusanky_2021-scaled.jpg\"><img loading=\"lazy\" decoding=\"async\" class=\"aligncenter wp-image-357 size-large\" src=\"https:\/\/zakobowling.com\/wp-content\/uploads\/2021\/03\/Prusanky_2021-1024x768.jpg\" alt=\"\" width=\"654\" height=\"491\" srcset=\"https:\/\/zakobowling.com\/wp-content\/uploads\/2021\/03\/Prusanky_2021-1024x768.jpg 1024w, https:\/\/zakobowling.com\/wp-content\/uploads\/2021\/03\/Prusanky_2021-300x225.jpg 300w, https:\/\/zakobowling.com\/wp-content\/uploads\/2021\/03\/Prusanky_2021-768x576.jpg 768w, https:\/\/zakobowling.com\/wp-content\/uploads\/2021\/03\/Prusanky_2021-1536x1152.jpg 1536w, https:\/\/zakobowling.com\/wp-content\/uploads\/2021\/03\/Prusanky_2021-2048x1536.jpg 2048w, https:\/\/zakobowling.com\/wp-content\/uploads\/2021\/03\/Prusanky_2021-1x1.jpg 1w\" sizes=\"auto, (max-width: 654px) 100vw, 654px\" \/><\/a>Jeden z mnoha sp\u00f4sobov prevedenia (ilustra\u010dn\u00e9 foto)<\/p>\n<p style=\"text-align: center;\"><a href=\"https:\/\/zakobowling.com\/wp-content\/uploads\/2021\/08\/Maschinenraum-scaled.jpg\"><img loading=\"lazy\" decoding=\"async\" class=\"aligncenter size-large wp-image-368\" src=\"https:\/\/zakobowling.com\/wp-content\/uploads\/2021\/08\/Maschinenraum-1024x768.jpg\" alt=\"\" width=\"654\" height=\"491\" srcset=\"https:\/\/zakobowling.com\/wp-content\/uploads\/2021\/08\/Maschinenraum-1024x768.jpg 1024w, https:\/\/zakobowling.com\/wp-content\/uploads\/2021\/08\/Maschinenraum-300x225.jpg 300w, https:\/\/zakobowling.com\/wp-content\/uploads\/2021\/08\/Maschinenraum-768x576.jpg 768w, https:\/\/zakobowling.com\/wp-content\/uploads\/2021\/08\/Maschinenraum-1536x1152.jpg 1536w, https:\/\/zakobowling.com\/wp-content\/uploads\/2021\/08\/Maschinenraum-2048x1536.jpg 2048w, https:\/\/zakobowling.com\/wp-content\/uploads\/2021\/08\/Maschinenraum-1x1.jpg 1w\" sizes=\"auto, (max-width: 654px) 100vw, 654px\" \/><\/a><\/p>\n<p style=\"text-align: center;\"><a href=\"https:\/\/zakobowling.com\/wp-content\/uploads\/2021\/08\/IMG-2254-scaled.jpg\"><img loading=\"lazy\" decoding=\"async\" class=\"aligncenter wp-image-366 size-large\" src=\"https:\/\/zakobowling.com\/wp-content\/uploads\/2021\/08\/IMG-2254-1024x768.jpg\" alt=\"\" width=\"654\" height=\"491\" srcset=\"https:\/\/zakobowling.com\/wp-content\/uploads\/2021\/08\/IMG-2254-1024x768.jpg 1024w, https:\/\/zakobowling.com\/wp-content\/uploads\/2021\/08\/IMG-2254-300x225.jpg 300w, https:\/\/zakobowling.com\/wp-content\/uploads\/2021\/08\/IMG-2254-768x576.jpg 768w, https:\/\/zakobowling.com\/wp-content\/uploads\/2021\/08\/IMG-2254-1536x1152.jpg 1536w, https:\/\/zakobowling.com\/wp-content\/uploads\/2021\/08\/IMG-2254-2048x1536.jpg 2048w, https:\/\/zakobowling.com\/wp-content\/uploads\/2021\/08\/IMG-2254-1x1.jpg 1w\" sizes=\"auto, (max-width: 654px) 100vw, 654px\" \/><\/a><\/p>\n<p style=\"text-align: center;\">Strojov\u0148a kolk\u00e1rskych dr\u00e1h s technol\u00f3giou &#8222;NEXT LEVEL&#8220;.<\/p>\n<p><iframe loading=\"lazy\" title=\"Paulyno im Einsatz.\" width=\"654\" height=\"368\" src=\"https:\/\/www.youtube.com\/embed\/vcPYVRAnMpo?feature=oembed\" frameborder=\"0\" allow=\"accelerometer; autoplay; clipboard-write; encrypted-media; gyroscope; picture-in-picture; web-share\" referrerpolicy=\"strict-origin-when-cross-origin\" allowfullscreen><\/iframe><\/p>\n<p>Samole\u0161tiaci plnoautomatick\u00fd stroj &#8222;PAULYNHO&#8220;<\/p>\n<p><strong>Aktu\u00e1lna ponuka pr\u00edslu\u0161enstva na kolky:<\/strong><\/p>\n<p><a href=\"https:\/\/zakobowling.com\/it\/e-shop\/kolky\/kolkarske-gule\/\">Kolk\u00e1rske gule<\/a><\/p>\n<p><a href=\"https:\/\/zakobowling.com\/it\/e-shop\/kolky\/kolky\/\">Kolky<\/a><\/p>\n<p><a href=\"https:\/\/zakobowling.com\/it\/e-shop\/kolky\/chemia\/\">Ch\u00e9mia<\/a><\/p>\n<p><a href=\"https:\/\/zakobowling.com\/it\/e-shop\/kolky\/nahradne-diely\/\">N\u00e1hradn\u00e9 diely<\/a><\/p>","protected":false},"excerpt":{"rendered":"<p>Technol\u00f3gia kolk\u00e1rskych dr\u00e1h zna\u010dky ZAKO prin\u00e1\u0161a z\u00e1kazn\u00edkom maxim\u00e1lny komfort v\u010faka svojej prec\u00edznosti a kvalite, \u010do je overen\u00e9 rokmi vo v\u0161etk\u00fdch na\u0161ich projektoch po celej Eur\u00f3pe. Na\u0161a firma dok\u00e1\u017ee zabezpe\u010di\u0165 \u010di u\u017e mont\u00e1\u017e nov\u00fdch kolk\u00e1rskych dr\u00e1h v najvy\u0161\u0161ej kvalite, alebo aj samostatn\u00fd predaj a mont\u00e1\u017e r\u00f4znych \u010dast\u00ed kolk\u00e1rskych dr\u00e1h ako je stavacia technika, plastov\u00e9 dr\u00e1hov\u00e9 segmenty,&#8230;<\/p>","protected":false},"author":1,"featured_media":0,"parent":25,"menu_order":1,"comment_status":"closed","ping_status":"closed","template":"","meta":{"footnotes":""},"class_list":["post-43","page","type-page","status-publish","hentry"],"yoast_head":"<!-- This site is optimized with the Yoast SEO plugin v26.2 - https:\/\/yoast.com\/wordpress\/plugins\/seo\/ -->\n<title>KOLKY - ZAKO BOWLING<\/title>\n<meta name=\"robots\" content=\"index, follow, max-snippet:-1, max-image-preview:large, max-video-preview:-1\" \/>\n<link rel=\"canonical\" href=\"https:\/\/zakobowling.com\/it\/e-shop\/kolky\/\" \/>\n<meta property=\"og:locale\" content=\"it_IT\" \/>\n<meta property=\"og:type\" content=\"article\" \/>\n<meta property=\"og:title\" content=\"KOLKY - ZAKO BOWLING\" \/>\n<meta property=\"og:description\" content=\"Technol\u00f3gia kolk\u00e1rskych dr\u00e1h zna\u010dky ZAKO prin\u00e1\u0161a z\u00e1kazn\u00edkom maxim\u00e1lny komfort v\u010faka svojej prec\u00edznosti a kvalite, \u010do je overen\u00e9 rokmi vo v\u0161etk\u00fdch na\u0161ich projektoch po celej Eur\u00f3pe. Na\u0161a firma dok\u00e1\u017ee zabezpe\u010di\u0165 \u010di u\u017e mont\u00e1\u017e nov\u00fdch kolk\u00e1rskych dr\u00e1h v najvy\u0161\u0161ej kvalite, alebo aj samostatn\u00fd predaj a mont\u00e1\u017e r\u00f4znych \u010dast\u00ed kolk\u00e1rskych dr\u00e1h ako je stavacia technika, plastov\u00e9 dr\u00e1hov\u00e9 segmenty,...\" \/>\n<meta property=\"og:url\" content=\"https:\/\/zakobowling.com\/it\/e-shop\/kolky\/\" \/>\n<meta property=\"og:site_name\" content=\"ZAKO BOWLING\" \/>\n<meta property=\"article:modified_time\" content=\"2024-01-16T20:29:56+00:00\" \/>\n<meta property=\"og:image\" content=\"https:\/\/zakobowling.com\/wp-content\/uploads\/2023\/12\/Sierakow_2023-1024x768.jpg\" \/>\n<meta name=\"twitter:card\" content=\"summary_large_image\" \/>\n<meta name=\"twitter:label1\" content=\"Tempo di lettura stimato\" \/>\n\t<meta name=\"twitter:data1\" content=\"2 minuti\" \/>\n<script type=\"application\/ld+json\" class=\"yoast-schema-graph\">{\"@context\":\"https:\/\/schema.org\",\"@graph\":[{\"@type\":\"WebPage\",\"@id\":\"https:\/\/zakobowling.com\/e-shop\/kolky\/\",\"url\":\"https:\/\/zakobowling.com\/e-shop\/kolky\/\",\"name\":\"KOLKY - ZAKO BOWLING\",\"isPartOf\":{\"@id\":\"https:\/\/zakobowling.com\/#website\"},\"primaryImageOfPage\":{\"@id\":\"https:\/\/zakobowling.com\/e-shop\/kolky\/#primaryimage\"},\"image\":{\"@id\":\"https:\/\/zakobowling.com\/e-shop\/kolky\/#primaryimage\"},\"thumbnailUrl\":\"https:\/\/zakobowling.com\/wp-content\/uploads\/2023\/12\/Sierakow_2023-1024x768.jpg\",\"datePublished\":\"2016-06-01T17:41:58+00:00\",\"dateModified\":\"2024-01-16T20:29:56+00:00\",\"breadcrumb\":{\"@id\":\"https:\/\/zakobowling.com\/e-shop\/kolky\/#breadcrumb\"},\"inLanguage\":\"it-IT\",\"potentialAction\":[{\"@type\":\"ReadAction\",\"target\":[\"https:\/\/zakobowling.com\/e-shop\/kolky\/\"]}]},{\"@type\":\"ImageObject\",\"inLanguage\":\"it-IT\",\"@id\":\"https:\/\/zakobowling.com\/e-shop\/kolky\/#primaryimage\",\"url\":\"https:\/\/zakobowling.com\/wp-content\/uploads\/2023\/12\/Sierakow_2023-1024x768.jpg\",\"contentUrl\":\"https:\/\/zakobowling.com\/wp-content\/uploads\/2023\/12\/Sierakow_2023-1024x768.jpg\"},{\"@type\":\"BreadcrumbList\",\"@id\":\"https:\/\/zakobowling.com\/e-shop\/kolky\/#breadcrumb\",\"itemListElement\":[{\"@type\":\"ListItem\",\"position\":1,\"name\":\"Domovsk\u00e1 str\u00e1nka\",\"item\":\"https:\/\/zakobowling.com\/\"},{\"@type\":\"ListItem\",\"position\":2,\"name\":\"E-SHOP\",\"item\":\"https:\/\/zakobowling.com\/e-shop\/\"},{\"@type\":\"ListItem\",\"position\":3,\"name\":\"KOLKY\"}]},{\"@type\":\"WebSite\",\"@id\":\"https:\/\/zakobowling.com\/#website\",\"url\":\"https:\/\/zakobowling.com\/\",\"name\":\"ZAKO BOWLING\",\"description\":\"kolky&amp;bowling\",\"publisher\":{\"@id\":\"https:\/\/zakobowling.com\/#organization\"},\"potentialAction\":[{\"@type\":\"SearchAction\",\"target\":{\"@type\":\"EntryPoint\",\"urlTemplate\":\"https:\/\/zakobowling.com\/?s={search_term_string}\"},\"query-input\":{\"@type\":\"PropertyValueSpecification\",\"valueRequired\":true,\"valueName\":\"search_term_string\"}}],\"inLanguage\":\"it-IT\"},{\"@type\":\"Organization\",\"@id\":\"https:\/\/zakobowling.com\/#organization\",\"name\":\"Zako Slovakia, s. r. o.\",\"url\":\"https:\/\/zakobowling.com\/\",\"logo\":{\"@type\":\"ImageObject\",\"inLanguage\":\"it-IT\",\"@id\":\"https:\/\/zakobowling.com\/#\/schema\/logo\/image\/\",\"url\":\"https:\/\/zakobowling.com\/wp-content\/uploads\/2016\/05\/12784657_10207363150895975_1124600290_n.jpg\",\"contentUrl\":\"https:\/\/zakobowling.com\/wp-content\/uploads\/2016\/05\/12784657_10207363150895975_1124600290_n.jpg\",\"width\":921,\"height\":960,\"caption\":\"Zako Slovakia, s. r. o.\"},\"image\":{\"@id\":\"https:\/\/zakobowling.com\/#\/schema\/logo\/image\/\"}}]}<\/script>\n<!-- \/ Yoast SEO plugin. -->","yoast_head_json":{"title":"KOLKY - ZAKO BOWLING","robots":{"index":"index","follow":"follow","max-snippet":"max-snippet:-1","max-image-preview":"max-image-preview:large","max-video-preview":"max-video-preview:-1"},"canonical":"https:\/\/zakobowling.com\/it\/e-shop\/kolky\/","og_locale":"it_IT","og_type":"article","og_title":"KOLKY - ZAKO BOWLING","og_description":"Technol\u00f3gia kolk\u00e1rskych dr\u00e1h zna\u010dky ZAKO prin\u00e1\u0161a z\u00e1kazn\u00edkom maxim\u00e1lny komfort v\u010faka svojej prec\u00edznosti a kvalite, \u010do je overen\u00e9 rokmi vo v\u0161etk\u00fdch na\u0161ich projektoch po celej Eur\u00f3pe. Na\u0161a firma dok\u00e1\u017ee zabezpe\u010di\u0165 \u010di u\u017e mont\u00e1\u017e nov\u00fdch kolk\u00e1rskych dr\u00e1h v najvy\u0161\u0161ej kvalite, alebo aj samostatn\u00fd predaj a mont\u00e1\u017e r\u00f4znych \u010dast\u00ed kolk\u00e1rskych dr\u00e1h ako je stavacia technika, plastov\u00e9 dr\u00e1hov\u00e9 segmenty,...","og_url":"https:\/\/zakobowling.com\/it\/e-shop\/kolky\/","og_site_name":"ZAKO BOWLING","article_modified_time":"2024-01-16T20:29:56+00:00","og_image":[{"url":"https:\/\/zakobowling.com\/wp-content\/uploads\/2023\/12\/Sierakow_2023-1024x768.jpg","type":"","width":"","height":""}],"twitter_card":"summary_large_image","twitter_misc":{"Tempo di lettura stimato":"2 minuti"},"schema":{"@context":"https:\/\/schema.org","@graph":[{"@type":"WebPage","@id":"https:\/\/zakobowling.com\/e-shop\/kolky\/","url":"https:\/\/zakobowling.com\/e-shop\/kolky\/","name":"KOLKY - ZAKO BOWLING","isPartOf":{"@id":"https:\/\/zakobowling.com\/#website"},"primaryImageOfPage":{"@id":"https:\/\/zakobowling.com\/e-shop\/kolky\/#primaryimage"},"image":{"@id":"https:\/\/zakobowling.com\/e-shop\/kolky\/#primaryimage"},"thumbnailUrl":"https:\/\/zakobowling.com\/wp-content\/uploads\/2023\/12\/Sierakow_2023-1024x768.jpg","datePublished":"2016-06-01T17:41:58+00:00","dateModified":"2024-01-16T20:29:56+00:00","breadcrumb":{"@id":"https:\/\/zakobowling.com\/e-shop\/kolky\/#breadcrumb"},"inLanguage":"it-IT","potentialAction":[{"@type":"ReadAction","target":["https:\/\/zakobowling.com\/e-shop\/kolky\/"]}]},{"@type":"ImageObject","inLanguage":"it-IT","@id":"https:\/\/zakobowling.com\/e-shop\/kolky\/#primaryimage","url":"https:\/\/zakobowling.com\/wp-content\/uploads\/2023\/12\/Sierakow_2023-1024x768.jpg","contentUrl":"https:\/\/zakobowling.com\/wp-content\/uploads\/2023\/12\/Sierakow_2023-1024x768.jpg"},{"@type":"BreadcrumbList","@id":"https:\/\/zakobowling.com\/e-shop\/kolky\/#breadcrumb","itemListElement":[{"@type":"ListItem","position":1,"name":"Domovsk\u00e1 str\u00e1nka","item":"https:\/\/zakobowling.com\/"},{"@type":"ListItem","position":2,"name":"E-SHOP","item":"https:\/\/zakobowling.com\/e-shop\/"},{"@type":"ListItem","position":3,"name":"KOLKY"}]},{"@type":"WebSite","@id":"https:\/\/zakobowling.com\/#website","url":"https:\/\/zakobowling.com\/","name":"ZAKO BOWLING","description":"kolky&amp;bowling","publisher":{"@id":"https:\/\/zakobowling.com\/#organization"},"potentialAction":[{"@type":"SearchAction","target":{"@type":"EntryPoint","urlTemplate":"https:\/\/zakobowling.com\/?s={search_term_string}"},"query-input":{"@type":"PropertyValueSpecification","valueRequired":true,"valueName":"search_term_string"}}],"inLanguage":"it-IT"},{"@type":"Organization","@id":"https:\/\/zakobowling.com\/#organization","name":"Zako Slovakia, s. r. o.","url":"https:\/\/zakobowling.com\/","logo":{"@type":"ImageObject","inLanguage":"it-IT","@id":"https:\/\/zakobowling.com\/#\/schema\/logo\/image\/","url":"https:\/\/zakobowling.com\/wp-content\/uploads\/2016\/05\/12784657_10207363150895975_1124600290_n.jpg","contentUrl":"https:\/\/zakobowling.com\/wp-content\/uploads\/2016\/05\/12784657_10207363150895975_1124600290_n.jpg","width":921,"height":960,"caption":"Zako Slovakia, s. r. o."},"image":{"@id":"https:\/\/zakobowling.com\/#\/schema\/logo\/image\/"}}]}},"_links":{"self":[{"href":"https:\/\/zakobowling.com\/it\/wp-json\/wp\/v2\/pages\/43","targetHints":{"allow":["GET"]}}],"collection":[{"href":"https:\/\/zakobowling.com\/it\/wp-json\/wp\/v2\/pages"}],"about":[{"href":"https:\/\/zakobowling.com\/it\/wp-json\/wp\/v2\/types\/page"}],"author":[{"embeddable":true,"href":"https:\/\/zakobowling.com\/it\/wp-json\/wp\/v2\/users\/1"}],"replies":[{"embeddable":true,"href":"https:\/\/zakobowling.com\/it\/wp-json\/wp\/v2\/comments?post=43"}],"version-history":[{"count":5,"href":"https:\/\/zakobowling.com\/it\/wp-json\/wp\/v2\/pages\/43\/revisions"}],"predecessor-version":[{"id":803,"href":"https:\/\/zakobowling.com\/it\/wp-json\/wp\/v2\/pages\/43\/revisions\/803"}],"up":[{"embeddable":true,"href":"https:\/\/zakobowling.com\/it\/wp-json\/wp\/v2\/pages\/25"}],"wp:attachment":[{"href":"https:\/\/zakobowling.com\/it\/wp-json\/wp\/v2\/media?parent=43"}],"curies":[{"name":"wp","href":"https:\/\/api.w.org\/{rel}","templated":true}]}}