{"id":684,"date":"2023-03-23T14:09:38","date_gmt":"2023-03-23T12:09:38","guid":{"rendered":"https:\/\/zakobowling.com\/?page_id=684"},"modified":"2023-03-23T14:56:06","modified_gmt":"2023-03-23T12:56:06","slug":"bowlingova-obuv","status":"publish","type":"page","link":"https:\/\/zakobowling.com\/hu\/bowlingova-obuv\/","title":{"rendered":"Bowlingov\u00e1 obuv"},"content":{"rendered":"<p><strong>Bowlingov\u00e1 obuv (Winner) \u2013 <\/strong>ve\u013ekosti 24,25,26,27,28,29,30,31,32,33,34,35,36,37,38,39,40,41,42,43,44,45,46,47,48,49,50,51,52 <\/p>\n\n\n\n<figure class=\"wp-block-image size-medium\"><img loading=\"lazy\" decoding=\"async\" width=\"300\" height=\"143\" src=\"https:\/\/zakobowling.com\/wp-content\/uploads\/2023\/03\/Bowlingschuhe-orange-4-1-300x143.jpg\" alt=\"\" class=\"wp-image-701\" srcset=\"https:\/\/zakobowling.com\/wp-content\/uploads\/2023\/03\/Bowlingschuhe-orange-4-1-300x143.jpg 300w, https:\/\/zakobowling.com\/wp-content\/uploads\/2023\/03\/Bowlingschuhe-orange-4-1-2x1.jpg 2w, https:\/\/zakobowling.com\/wp-content\/uploads\/2023\/03\/Bowlingschuhe-orange-4-1.jpg 500w\" sizes=\"auto, (max-width: 300px) 100vw, 300px\" \/><\/figure>\n\n\n\n<figure class=\"wp-block-image size-medium\"><img loading=\"lazy\" decoding=\"async\" width=\"300\" height=\"229\" src=\"https:\/\/zakobowling.com\/wp-content\/uploads\/2023\/03\/Bowlingschuhe-orange-2-2-300x229.jpg\" alt=\"\" class=\"wp-image-699\" srcset=\"https:\/\/zakobowling.com\/wp-content\/uploads\/2023\/03\/Bowlingschuhe-orange-2-2-300x229.jpg 300w, https:\/\/zakobowling.com\/wp-content\/uploads\/2023\/03\/Bowlingschuhe-orange-2-2-1x1.jpg 1w, https:\/\/zakobowling.com\/wp-content\/uploads\/2023\/03\/Bowlingschuhe-orange-2-2.jpg 500w\" sizes=\"auto, (max-width: 300px) 100vw, 300px\" \/><\/figure>\n\n\n\n<p><strong>Cena:\u00a0<\/strong><span class=\"has-inline-color has-vivid-red-color\"><strong>33,00 bez DPH<\/strong>(<\/span>39,60 s DPH)<\/p>","protected":false},"excerpt":{"rendered":"<p>Bowlingov\u00e1 obuv (Winner) \u2013 ve\u013ekosti 24,25,26,27,28,29,30,31,32,33,34,35,36,37,38,39,40,41,42,43,44,45,46,47,48,49,50,51,52 Cena:\u00a033,00 bez DPH(39,60 s DPH)<\/p>","protected":false},"author":1,"featured_media":0,"parent":0,"menu_order":0,"comment_status":"closed","ping_status":"closed","template":"","meta":{"footnotes":""},"class_list":["post-684","page","type-page","status-publish","hentry"],"yoast_head":"<!-- This site is optimized with the Yoast SEO plugin v26.2 - https:\/\/yoast.com\/wordpress\/plugins\/seo\/ -->\n<title>Bowlingov\u00e1 obuv - ZAKO BOWLING<\/title>\n<meta name=\"robots\" content=\"index, follow, max-snippet:-1, max-image-preview:large, max-video-preview:-1\" \/>\n<link rel=\"canonical\" href=\"https:\/\/zakobowling.com\/hu\/bowlingova-obuv\/\" \/>\n<meta property=\"og:locale\" content=\"hu_HU\" \/>\n<meta property=\"og:type\" content=\"article\" \/>\n<meta property=\"og:title\" content=\"Bowlingov\u00e1 obuv - ZAKO BOWLING\" \/>\n<meta property=\"og:description\" content=\"Bowlingov\u00e1 obuv (Winner) \u2013 ve\u013ekosti 24,25,26,27,28,29,30,31,32,33,34,35,36,37,38,39,40,41,42,43,44,45,46,47,48,49,50,51,52 Cena:\u00a033,00 bez DPH(39,60 s DPH)\" \/>\n<meta property=\"og:url\" content=\"https:\/\/zakobowling.com\/hu\/bowlingova-obuv\/\" \/>\n<meta property=\"og:site_name\" content=\"ZAKO BOWLING\" \/>\n<meta property=\"article:modified_time\" content=\"2023-03-23T12:56:06+00:00\" \/>\n<meta property=\"og:image\" content=\"https:\/\/zakobowling.com\/wp-content\/uploads\/2023\/03\/Bowlingschuhe-orange-4-1-300x143.jpg\" \/>\n<meta name=\"twitter:card\" content=\"summary_large_image\" \/>\n<meta name=\"twitter:label1\" content=\"Becs\u00fclt olvas\u00e1si id\u0151\" \/>\n\t<meta name=\"twitter:data1\" content=\"1 perc\" \/>\n<script type=\"application\/ld+json\" class=\"yoast-schema-graph\">{\"@context\":\"https:\/\/schema.org\",\"@graph\":[{\"@type\":\"WebPage\",\"@id\":\"https:\/\/zakobowling.com\/bowlingova-obuv\/\",\"url\":\"https:\/\/zakobowling.com\/bowlingova-obuv\/\",\"name\":\"Bowlingov\u00e1 obuv - ZAKO BOWLING\",\"isPartOf\":{\"@id\":\"https:\/\/zakobowling.com\/#website\"},\"primaryImageOfPage\":{\"@id\":\"https:\/\/zakobowling.com\/bowlingova-obuv\/#primaryimage\"},\"image\":{\"@id\":\"https:\/\/zakobowling.com\/bowlingova-obuv\/#primaryimage\"},\"thumbnailUrl\":\"https:\/\/zakobowling.com\/wp-content\/uploads\/2023\/03\/Bowlingschuhe-orange-4-1-300x143.jpg\",\"datePublished\":\"2023-03-23T12:09:38+00:00\",\"dateModified\":\"2023-03-23T12:56:06+00:00\",\"breadcrumb\":{\"@id\":\"https:\/\/zakobowling.com\/bowlingova-obuv\/#breadcrumb\"},\"inLanguage\":\"hu\",\"potentialAction\":[{\"@type\":\"ReadAction\",\"target\":[\"https:\/\/zakobowling.com\/bowlingova-obuv\/\"]}]},{\"@type\":\"ImageObject\",\"inLanguage\":\"hu\",\"@id\":\"https:\/\/zakobowling.com\/bowlingova-obuv\/#primaryimage\",\"url\":\"https:\/\/zakobowling.com\/wp-content\/uploads\/2023\/03\/Bowlingschuhe-orange-4-1-300x143.jpg\",\"contentUrl\":\"https:\/\/zakobowling.com\/wp-content\/uploads\/2023\/03\/Bowlingschuhe-orange-4-1-300x143.jpg\"},{\"@type\":\"BreadcrumbList\",\"@id\":\"https:\/\/zakobowling.com\/bowlingova-obuv\/#breadcrumb\",\"itemListElement\":[{\"@type\":\"ListItem\",\"position\":1,\"name\":\"Domovsk\u00e1 str\u00e1nka\",\"item\":\"https:\/\/zakobowling.com\/\"},{\"@type\":\"ListItem\",\"position\":2,\"name\":\"Bowlingov\u00e1 obuv\"}]},{\"@type\":\"WebSite\",\"@id\":\"https:\/\/zakobowling.com\/#website\",\"url\":\"https:\/\/zakobowling.com\/\",\"name\":\"ZAKO BOWLING\",\"description\":\"kolky&amp;bowling\",\"publisher\":{\"@id\":\"https:\/\/zakobowling.com\/#organization\"},\"potentialAction\":[{\"@type\":\"SearchAction\",\"target\":{\"@type\":\"EntryPoint\",\"urlTemplate\":\"https:\/\/zakobowling.com\/?s={search_term_string}\"},\"query-input\":{\"@type\":\"PropertyValueSpecification\",\"valueRequired\":true,\"valueName\":\"search_term_string\"}}],\"inLanguage\":\"hu\"},{\"@type\":\"Organization\",\"@id\":\"https:\/\/zakobowling.com\/#organization\",\"name\":\"Zako Slovakia, s. r. o.\",\"url\":\"https:\/\/zakobowling.com\/\",\"logo\":{\"@type\":\"ImageObject\",\"inLanguage\":\"hu\",\"@id\":\"https:\/\/zakobowling.com\/#\/schema\/logo\/image\/\",\"url\":\"https:\/\/zakobowling.com\/wp-content\/uploads\/2016\/05\/12784657_10207363150895975_1124600290_n.jpg\",\"contentUrl\":\"https:\/\/zakobowling.com\/wp-content\/uploads\/2016\/05\/12784657_10207363150895975_1124600290_n.jpg\",\"width\":921,\"height\":960,\"caption\":\"Zako Slovakia, s. r. o.\"},\"image\":{\"@id\":\"https:\/\/zakobowling.com\/#\/schema\/logo\/image\/\"}}]}<\/script>\n<!-- \/ Yoast SEO plugin. -->","yoast_head_json":{"title":"Bowlingov\u00e1 obuv - ZAKO BOWLING","robots":{"index":"index","follow":"follow","max-snippet":"max-snippet:-1","max-image-preview":"max-image-preview:large","max-video-preview":"max-video-preview:-1"},"canonical":"https:\/\/zakobowling.com\/hu\/bowlingova-obuv\/","og_locale":"hu_HU","og_type":"article","og_title":"Bowlingov\u00e1 obuv - ZAKO BOWLING","og_description":"Bowlingov\u00e1 obuv (Winner) \u2013 ve\u013ekosti 24,25,26,27,28,29,30,31,32,33,34,35,36,37,38,39,40,41,42,43,44,45,46,47,48,49,50,51,52 Cena:\u00a033,00 bez DPH(39,60 s DPH)","og_url":"https:\/\/zakobowling.com\/hu\/bowlingova-obuv\/","og_site_name":"ZAKO BOWLING","article_modified_time":"2023-03-23T12:56:06+00:00","og_image":[{"url":"https:\/\/zakobowling.com\/wp-content\/uploads\/2023\/03\/Bowlingschuhe-orange-4-1-300x143.jpg","type":"","width":"","height":""}],"twitter_card":"summary_large_image","twitter_misc":{"Becs\u00fclt olvas\u00e1si id\u0151":"1 perc"},"schema":{"@context":"https:\/\/schema.org","@graph":[{"@type":"WebPage","@id":"https:\/\/zakobowling.com\/bowlingova-obuv\/","url":"https:\/\/zakobowling.com\/bowlingova-obuv\/","name":"Bowlingov\u00e1 obuv - ZAKO BOWLING","isPartOf":{"@id":"https:\/\/zakobowling.com\/#website"},"primaryImageOfPage":{"@id":"https:\/\/zakobowling.com\/bowlingova-obuv\/#primaryimage"},"image":{"@id":"https:\/\/zakobowling.com\/bowlingova-obuv\/#primaryimage"},"thumbnailUrl":"https:\/\/zakobowling.com\/wp-content\/uploads\/2023\/03\/Bowlingschuhe-orange-4-1-300x143.jpg","datePublished":"2023-03-23T12:09:38+00:00","dateModified":"2023-03-23T12:56:06+00:00","breadcrumb":{"@id":"https:\/\/zakobowling.com\/bowlingova-obuv\/#breadcrumb"},"inLanguage":"hu","potentialAction":[{"@type":"ReadAction","target":["https:\/\/zakobowling.com\/bowlingova-obuv\/"]}]},{"@type":"ImageObject","inLanguage":"hu","@id":"https:\/\/zakobowling.com\/bowlingova-obuv\/#primaryimage","url":"https:\/\/zakobowling.com\/wp-content\/uploads\/2023\/03\/Bowlingschuhe-orange-4-1-300x143.jpg","contentUrl":"https:\/\/zakobowling.com\/wp-content\/uploads\/2023\/03\/Bowlingschuhe-orange-4-1-300x143.jpg"},{"@type":"BreadcrumbList","@id":"https:\/\/zakobowling.com\/bowlingova-obuv\/#breadcrumb","itemListElement":[{"@type":"ListItem","position":1,"name":"Domovsk\u00e1 str\u00e1nka","item":"https:\/\/zakobowling.com\/"},{"@type":"ListItem","position":2,"name":"Bowlingov\u00e1 obuv"}]},{"@type":"WebSite","@id":"https:\/\/zakobowling.com\/#website","url":"https:\/\/zakobowling.com\/","name":"ZAKO BOWLING","description":"kolky&amp;bowling","publisher":{"@id":"https:\/\/zakobowling.com\/#organization"},"potentialAction":[{"@type":"SearchAction","target":{"@type":"EntryPoint","urlTemplate":"https:\/\/zakobowling.com\/?s={search_term_string}"},"query-input":{"@type":"PropertyValueSpecification","valueRequired":true,"valueName":"search_term_string"}}],"inLanguage":"hu"},{"@type":"Organization","@id":"https:\/\/zakobowling.com\/#organization","name":"Zako Slovakia, s. r. o.","url":"https:\/\/zakobowling.com\/","logo":{"@type":"ImageObject","inLanguage":"hu","@id":"https:\/\/zakobowling.com\/#\/schema\/logo\/image\/","url":"https:\/\/zakobowling.com\/wp-content\/uploads\/2016\/05\/12784657_10207363150895975_1124600290_n.jpg","contentUrl":"https:\/\/zakobowling.com\/wp-content\/uploads\/2016\/05\/12784657_10207363150895975_1124600290_n.jpg","width":921,"height":960,"caption":"Zako Slovakia, s. r. o."},"image":{"@id":"https:\/\/zakobowling.com\/#\/schema\/logo\/image\/"}}]}},"_links":{"self":[{"href":"https:\/\/zakobowling.com\/hu\/wp-json\/wp\/v2\/pages\/684","targetHints":{"allow":["GET"]}}],"collection":[{"href":"https:\/\/zakobowling.com\/hu\/wp-json\/wp\/v2\/pages"}],"about":[{"href":"https:\/\/zakobowling.com\/hu\/wp-json\/wp\/v2\/types\/page"}],"author":[{"embeddable":true,"href":"https:\/\/zakobowling.com\/hu\/wp-json\/wp\/v2\/users\/1"}],"replies":[{"embeddable":true,"href":"https:\/\/zakobowling.com\/hu\/wp-json\/wp\/v2\/comments?post=684"}],"version-history":[{"count":3,"href":"https:\/\/zakobowling.com\/hu\/wp-json\/wp\/v2\/pages\/684\/revisions"}],"predecessor-version":[{"id":711,"href":"https:\/\/zakobowling.com\/hu\/wp-json\/wp\/v2\/pages\/684\/revisions\/711"}],"wp:attachment":[{"href":"https:\/\/zakobowling.com\/hu\/wp-json\/wp\/v2\/media?parent=684"}],"curies":[{"name":"wp","href":"https:\/\/api.w.org\/{rel}","templated":true}]}}