{"id":402,"date":"2021-11-14T20:09:11","date_gmt":"2021-11-14T18:09:11","guid":{"rendered":"https:\/\/zakobowling.com\/?page_id=402"},"modified":"2024-01-16T22:47:43","modified_gmt":"2024-01-16T20:47:43","slug":"partneri","status":"publish","type":"page","link":"https:\/\/zakobowling.com\/hu\/partneri\/","title":{"rendered":"PARTNERI"},"content":{"rendered":"<p><strong>Na\u0161e partnersk\u00e9 spolo\u010dnosti:<\/strong><\/p>\n\n\n\n<p>PAULY Kegelbahnen GmbH (GER)<\/p>\n\n\n<div class=\"wp-block-image\">\n<figure class=\"aligncenter size-large is-resized\"><img loading=\"lazy\" decoding=\"async\" width=\"1024\" height=\"531\" src=\"https:\/\/zakobowling.com\/wp-content\/uploads\/2021\/11\/logo-Pauly-1024x531.jpg\" alt=\"\" class=\"wp-image-431\" style=\"width:381px;height:197px\" srcset=\"https:\/\/zakobowling.com\/wp-content\/uploads\/2021\/11\/logo-Pauly-1024x531.jpg 1024w, https:\/\/zakobowling.com\/wp-content\/uploads\/2021\/11\/logo-Pauly-300x155.jpg 300w, https:\/\/zakobowling.com\/wp-content\/uploads\/2021\/11\/logo-Pauly-768x398.jpg 768w, https:\/\/zakobowling.com\/wp-content\/uploads\/2021\/11\/logo-Pauly-2x1.jpg 2w, https:\/\/zakobowling.com\/wp-content\/uploads\/2021\/11\/logo-Pauly.jpg 1391w\" sizes=\"auto, (max-width: 1024px) 100vw, 1024px\" \/><\/figure>\n<\/div>\n\n\n<p><\/p>\n\n\n\n<p><\/p>\n\n\n\n<p>Technikum Kamenz GmbH (GER)<\/p>\n\n\n<div class=\"wp-block-image\">\n<figure class=\"aligncenter size-large is-resized\"><img loading=\"lazy\" decoding=\"async\" width=\"1024\" height=\"261\" src=\"https:\/\/zakobowling.com\/wp-content\/uploads\/2020\/03\/kamenz-logo-1024x261.jpg\" alt=\"\" class=\"wp-image-290\" style=\"width:372px;height:94px\" srcset=\"https:\/\/zakobowling.com\/wp-content\/uploads\/2020\/03\/kamenz-logo-1024x261.jpg 1024w, https:\/\/zakobowling.com\/wp-content\/uploads\/2020\/03\/kamenz-logo-300x76.jpg 300w, https:\/\/zakobowling.com\/wp-content\/uploads\/2020\/03\/kamenz-logo-768x196.jpg 768w, https:\/\/zakobowling.com\/wp-content\/uploads\/2020\/03\/kamenz-logo-4x1.jpg 4w, https:\/\/zakobowling.com\/wp-content\/uploads\/2020\/03\/kamenz-logo.jpg 1500w\" sizes=\"auto, (max-width: 1024px) 100vw, 1024px\" \/><\/figure>\n<\/div>\n\n\n<p><\/p>\n\n\n\n<p><\/p>\n\n\n\n<p>Waldhauer Kegelbahnshop GmbH (GER)<\/p>\n\n\n<div class=\"wp-block-image\">\n<figure class=\"aligncenter size-large is-resized\"><img loading=\"lazy\" decoding=\"async\" width=\"960\" height=\"465\" src=\"https:\/\/zakobowling.com\/wp-content\/uploads\/2020\/03\/logo-waldhauer-e1583674483449.jpg\" alt=\"\" class=\"wp-image-291\" style=\"width:372px;height:179px\" srcset=\"https:\/\/zakobowling.com\/wp-content\/uploads\/2020\/03\/logo-waldhauer-e1583674483449.jpg 960w, https:\/\/zakobowling.com\/wp-content\/uploads\/2020\/03\/logo-waldhauer-e1583674483449-300x145.jpg 300w, https:\/\/zakobowling.com\/wp-content\/uploads\/2020\/03\/logo-waldhauer-e1583674483449-768x372.jpg 768w, https:\/\/zakobowling.com\/wp-content\/uploads\/2020\/03\/logo-waldhauer-e1583674483449-2x1.jpg 2w\" sizes=\"auto, (max-width: 960px) 100vw, 960px\" \/><\/figure>\n<\/div>\n\n\n<p><\/p>\n\n\n\n<p><\/p>\n\n\n\n<p>STAREK Transport s.r.o. (SVK)<\/p>\n\n\n<div class=\"wp-block-image\">\n<figure class=\"aligncenter size-large is-resized\"><img loading=\"lazy\" decoding=\"async\" width=\"1011\" height=\"334\" src=\"https:\/\/zakobowling.com\/wp-content\/uploads\/2021\/11\/Stareknove.jpg\" alt=\"\" class=\"wp-image-409\" style=\"width:398px;height:131px\" srcset=\"https:\/\/zakobowling.com\/wp-content\/uploads\/2021\/11\/Stareknove.jpg 1011w, https:\/\/zakobowling.com\/wp-content\/uploads\/2021\/11\/Stareknove-300x99.jpg 300w, https:\/\/zakobowling.com\/wp-content\/uploads\/2021\/11\/Stareknove-768x254.jpg 768w, https:\/\/zakobowling.com\/wp-content\/uploads\/2021\/11\/Stareknove-3x1.jpg 3w\" sizes=\"auto, (max-width: 1011px) 100vw, 1011px\" \/><\/figure>\n<\/div>\n\n\n<p><\/p>\n\n\n\n<p><\/p>\n\n\n\n<p>FTL Logistics, s.r.o. (SVK)<\/p>\n\n\n<div class=\"wp-block-image\">\n<figure class=\"aligncenter size-large is-resized\"><img loading=\"lazy\" decoding=\"async\" width=\"808\" height=\"458\" src=\"https:\/\/zakobowling.com\/wp-content\/uploads\/2021\/11\/FTLlogo.jpg\" alt=\"\" class=\"wp-image-410\" style=\"width:377px;height:213px\" srcset=\"https:\/\/zakobowling.com\/wp-content\/uploads\/2021\/11\/FTLlogo.jpg 808w, https:\/\/zakobowling.com\/wp-content\/uploads\/2021\/11\/FTLlogo-300x170.jpg 300w, https:\/\/zakobowling.com\/wp-content\/uploads\/2021\/11\/FTLlogo-768x435.jpg 768w, https:\/\/zakobowling.com\/wp-content\/uploads\/2021\/11\/FTLlogo-2x1.jpg 2w\" sizes=\"auto, (max-width: 808px) 100vw, 808px\" \/><\/figure>\n<\/div>","protected":false},"excerpt":{"rendered":"<p>Na\u0161e partnersk\u00e9 spolo\u010dnosti: PAULY Kegelbahnen GmbH (GER) Technikum Kamenz GmbH (GER) Waldhauer Kegelbahnshop GmbH (GER) STAREK Transport s.r.o. (SVK) FTL Logistics, s.r.o. (SVK)<\/p>","protected":false},"author":1,"featured_media":0,"parent":0,"menu_order":0,"comment_status":"closed","ping_status":"closed","template":"","meta":{"footnotes":""},"class_list":["post-402","page","type-page","status-publish","hentry"],"yoast_head":"<!-- This site is optimized with the Yoast SEO plugin v26.2 - https:\/\/yoast.com\/wordpress\/plugins\/seo\/ -->\n<title>PARTNERI - ZAKO BOWLING<\/title>\n<meta name=\"robots\" content=\"index, follow, max-snippet:-1, max-image-preview:large, max-video-preview:-1\" \/>\n<link rel=\"canonical\" href=\"https:\/\/zakobowling.com\/hu\/partneri\/\" \/>\n<meta property=\"og:locale\" content=\"hu_HU\" \/>\n<meta property=\"og:type\" content=\"article\" \/>\n<meta property=\"og:title\" content=\"PARTNERI - ZAKO BOWLING\" \/>\n<meta property=\"og:description\" content=\"Na\u0161e partnersk\u00e9 spolo\u010dnosti: PAULY Kegelbahnen GmbH (GER) Technikum Kamenz GmbH (GER) Waldhauer Kegelbahnshop GmbH (GER) STAREK Transport s.r.o. (SVK) FTL Logistics, s.r.o. (SVK)\" \/>\n<meta property=\"og:url\" content=\"https:\/\/zakobowling.com\/hu\/partneri\/\" \/>\n<meta property=\"og:site_name\" content=\"ZAKO BOWLING\" \/>\n<meta property=\"article:modified_time\" content=\"2024-01-16T20:47:43+00:00\" \/>\n<meta property=\"og:image\" content=\"https:\/\/zakobowling.com\/wp-content\/uploads\/2021\/11\/logo-Pauly-1024x531.jpg\" \/>\n<meta name=\"twitter:card\" content=\"summary_large_image\" \/>\n<meta name=\"twitter:label1\" content=\"Becs\u00fclt olvas\u00e1si id\u0151\" \/>\n\t<meta name=\"twitter:data1\" content=\"2 perc\" \/>\n<script type=\"application\/ld+json\" class=\"yoast-schema-graph\">{\"@context\":\"https:\/\/schema.org\",\"@graph\":[{\"@type\":\"WebPage\",\"@id\":\"https:\/\/zakobowling.com\/partneri\/\",\"url\":\"https:\/\/zakobowling.com\/partneri\/\",\"name\":\"PARTNERI - ZAKO BOWLING\",\"isPartOf\":{\"@id\":\"https:\/\/zakobowling.com\/#website\"},\"primaryImageOfPage\":{\"@id\":\"https:\/\/zakobowling.com\/partneri\/#primaryimage\"},\"image\":{\"@id\":\"https:\/\/zakobowling.com\/partneri\/#primaryimage\"},\"thumbnailUrl\":\"https:\/\/zakobowling.com\/wp-content\/uploads\/2021\/11\/logo-Pauly-1024x531.jpg\",\"datePublished\":\"2021-11-14T18:09:11+00:00\",\"dateModified\":\"2024-01-16T20:47:43+00:00\",\"breadcrumb\":{\"@id\":\"https:\/\/zakobowling.com\/partneri\/#breadcrumb\"},\"inLanguage\":\"hu\",\"potentialAction\":[{\"@type\":\"ReadAction\",\"target\":[\"https:\/\/zakobowling.com\/partneri\/\"]}]},{\"@type\":\"ImageObject\",\"inLanguage\":\"hu\",\"@id\":\"https:\/\/zakobowling.com\/partneri\/#primaryimage\",\"url\":\"https:\/\/zakobowling.com\/wp-content\/uploads\/2021\/11\/logo-Pauly-1024x531.jpg\",\"contentUrl\":\"https:\/\/zakobowling.com\/wp-content\/uploads\/2021\/11\/logo-Pauly-1024x531.jpg\"},{\"@type\":\"BreadcrumbList\",\"@id\":\"https:\/\/zakobowling.com\/partneri\/#breadcrumb\",\"itemListElement\":[{\"@type\":\"ListItem\",\"position\":1,\"name\":\"Domovsk\u00e1 str\u00e1nka\",\"item\":\"https:\/\/zakobowling.com\/\"},{\"@type\":\"ListItem\",\"position\":2,\"name\":\"PARTNERI\"}]},{\"@type\":\"WebSite\",\"@id\":\"https:\/\/zakobowling.com\/#website\",\"url\":\"https:\/\/zakobowling.com\/\",\"name\":\"ZAKO BOWLING\",\"description\":\"kolky&amp;bowling\",\"publisher\":{\"@id\":\"https:\/\/zakobowling.com\/#organization\"},\"potentialAction\":[{\"@type\":\"SearchAction\",\"target\":{\"@type\":\"EntryPoint\",\"urlTemplate\":\"https:\/\/zakobowling.com\/?s={search_term_string}\"},\"query-input\":{\"@type\":\"PropertyValueSpecification\",\"valueRequired\":true,\"valueName\":\"search_term_string\"}}],\"inLanguage\":\"hu\"},{\"@type\":\"Organization\",\"@id\":\"https:\/\/zakobowling.com\/#organization\",\"name\":\"Zako Slovakia, s. r. o.\",\"url\":\"https:\/\/zakobowling.com\/\",\"logo\":{\"@type\":\"ImageObject\",\"inLanguage\":\"hu\",\"@id\":\"https:\/\/zakobowling.com\/#\/schema\/logo\/image\/\",\"url\":\"https:\/\/zakobowling.com\/wp-content\/uploads\/2016\/05\/12784657_10207363150895975_1124600290_n.jpg\",\"contentUrl\":\"https:\/\/zakobowling.com\/wp-content\/uploads\/2016\/05\/12784657_10207363150895975_1124600290_n.jpg\",\"width\":921,\"height\":960,\"caption\":\"Zako Slovakia, s. r. o.\"},\"image\":{\"@id\":\"https:\/\/zakobowling.com\/#\/schema\/logo\/image\/\"}}]}<\/script>\n<!-- \/ Yoast SEO plugin. -->","yoast_head_json":{"title":"PARTNERI - ZAKO BOWLING","robots":{"index":"index","follow":"follow","max-snippet":"max-snippet:-1","max-image-preview":"max-image-preview:large","max-video-preview":"max-video-preview:-1"},"canonical":"https:\/\/zakobowling.com\/hu\/partneri\/","og_locale":"hu_HU","og_type":"article","og_title":"PARTNERI - ZAKO BOWLING","og_description":"Na\u0161e partnersk\u00e9 spolo\u010dnosti: PAULY Kegelbahnen GmbH (GER) Technikum Kamenz GmbH (GER) Waldhauer Kegelbahnshop GmbH (GER) STAREK Transport s.r.o. (SVK) FTL Logistics, s.r.o. (SVK)","og_url":"https:\/\/zakobowling.com\/hu\/partneri\/","og_site_name":"ZAKO BOWLING","article_modified_time":"2024-01-16T20:47:43+00:00","og_image":[{"url":"https:\/\/zakobowling.com\/wp-content\/uploads\/2021\/11\/logo-Pauly-1024x531.jpg","type":"","width":"","height":""}],"twitter_card":"summary_large_image","twitter_misc":{"Becs\u00fclt olvas\u00e1si id\u0151":"2 perc"},"schema":{"@context":"https:\/\/schema.org","@graph":[{"@type":"WebPage","@id":"https:\/\/zakobowling.com\/partneri\/","url":"https:\/\/zakobowling.com\/partneri\/","name":"PARTNERI - ZAKO BOWLING","isPartOf":{"@id":"https:\/\/zakobowling.com\/#website"},"primaryImageOfPage":{"@id":"https:\/\/zakobowling.com\/partneri\/#primaryimage"},"image":{"@id":"https:\/\/zakobowling.com\/partneri\/#primaryimage"},"thumbnailUrl":"https:\/\/zakobowling.com\/wp-content\/uploads\/2021\/11\/logo-Pauly-1024x531.jpg","datePublished":"2021-11-14T18:09:11+00:00","dateModified":"2024-01-16T20:47:43+00:00","breadcrumb":{"@id":"https:\/\/zakobowling.com\/partneri\/#breadcrumb"},"inLanguage":"hu","potentialAction":[{"@type":"ReadAction","target":["https:\/\/zakobowling.com\/partneri\/"]}]},{"@type":"ImageObject","inLanguage":"hu","@id":"https:\/\/zakobowling.com\/partneri\/#primaryimage","url":"https:\/\/zakobowling.com\/wp-content\/uploads\/2021\/11\/logo-Pauly-1024x531.jpg","contentUrl":"https:\/\/zakobowling.com\/wp-content\/uploads\/2021\/11\/logo-Pauly-1024x531.jpg"},{"@type":"BreadcrumbList","@id":"https:\/\/zakobowling.com\/partneri\/#breadcrumb","itemListElement":[{"@type":"ListItem","position":1,"name":"Domovsk\u00e1 str\u00e1nka","item":"https:\/\/zakobowling.com\/"},{"@type":"ListItem","position":2,"name":"PARTNERI"}]},{"@type":"WebSite","@id":"https:\/\/zakobowling.com\/#website","url":"https:\/\/zakobowling.com\/","name":"ZAKO BOWLING","description":"kolky&amp;bowling","publisher":{"@id":"https:\/\/zakobowling.com\/#organization"},"potentialAction":[{"@type":"SearchAction","target":{"@type":"EntryPoint","urlTemplate":"https:\/\/zakobowling.com\/?s={search_term_string}"},"query-input":{"@type":"PropertyValueSpecification","valueRequired":true,"valueName":"search_term_string"}}],"inLanguage":"hu"},{"@type":"Organization","@id":"https:\/\/zakobowling.com\/#organization","name":"Zako Slovakia, s. r. o.","url":"https:\/\/zakobowling.com\/","logo":{"@type":"ImageObject","inLanguage":"hu","@id":"https:\/\/zakobowling.com\/#\/schema\/logo\/image\/","url":"https:\/\/zakobowling.com\/wp-content\/uploads\/2016\/05\/12784657_10207363150895975_1124600290_n.jpg","contentUrl":"https:\/\/zakobowling.com\/wp-content\/uploads\/2016\/05\/12784657_10207363150895975_1124600290_n.jpg","width":921,"height":960,"caption":"Zako Slovakia, s. r. o."},"image":{"@id":"https:\/\/zakobowling.com\/#\/schema\/logo\/image\/"}}]}},"_links":{"self":[{"href":"https:\/\/zakobowling.com\/hu\/wp-json\/wp\/v2\/pages\/402","targetHints":{"allow":["GET"]}}],"collection":[{"href":"https:\/\/zakobowling.com\/hu\/wp-json\/wp\/v2\/pages"}],"about":[{"href":"https:\/\/zakobowling.com\/hu\/wp-json\/wp\/v2\/types\/page"}],"author":[{"embeddable":true,"href":"https:\/\/zakobowling.com\/hu\/wp-json\/wp\/v2\/users\/1"}],"replies":[{"embeddable":true,"href":"https:\/\/zakobowling.com\/hu\/wp-json\/wp\/v2\/comments?post=402"}],"version-history":[{"count":6,"href":"https:\/\/zakobowling.com\/hu\/wp-json\/wp\/v2\/pages\/402\/revisions"}],"predecessor-version":[{"id":815,"href":"https:\/\/zakobowling.com\/hu\/wp-json\/wp\/v2\/pages\/402\/revisions\/815"}],"wp:attachment":[{"href":"https:\/\/zakobowling.com\/hu\/wp-json\/wp\/v2\/media?parent=402"}],"curies":[{"name":"wp","href":"https:\/\/api.w.org\/{rel}","templated":true}]}}