{"id":39,"date":"2016-06-01T19:15:10","date_gmt":"2016-06-01T17:15:10","guid":{"rendered":"https:\/\/zakobowling.com\/?page_id=39"},"modified":"2018-02-21T13:52:46","modified_gmt":"2018-02-21T11:52:46","slug":"domov","status":"publish","type":"page","link":"https:\/\/zakobowling.com\/de\/","title":{"rendered":"DOMOV"},"content":{"rendered":"","protected":false},"excerpt":{"rendered":"","protected":false},"author":1,"featured_media":0,"parent":0,"menu_order":0,"comment_status":"closed","ping_status":"closed","template":"page-templates\/custom_home.php","meta":{"footnotes":""},"class_list":["post-39","page","type-page","status-publish","hentry"],"yoast_head":"<!-- This site is optimized with the Yoast SEO plugin v26.2 - https:\/\/yoast.com\/wordpress\/plugins\/seo\/ -->\n<title>Realiz\u00e1cia a servis kolk\u00e1rskych a bowlingov\u00fdch dr\u00e1h<\/title>\n<meta name=\"description\" content=\"Realiz\u00e1cia kolk\u00e1rskych a bowlingov\u00fdch dr\u00e1h, kompletn\u00fd servis a \u00fadr\u017eba kolk\u00e1rskych a bowlingov\u00fdch dr\u00e1h, predaj n\u00e1hradn\u00fdch dielov\" \/>\n<meta name=\"robots\" content=\"index, follow, max-snippet:-1, max-image-preview:large, max-video-preview:-1\" \/>\n<link rel=\"canonical\" href=\"https:\/\/zakobowling.com\/de\/\" \/>\n<meta property=\"og:locale\" content=\"de_DE\" \/>\n<meta property=\"og:type\" content=\"article\" \/>\n<meta property=\"og:title\" content=\"Realiz\u00e1cia a servis kolk\u00e1rskych a bowlingov\u00fdch dr\u00e1h\" \/>\n<meta property=\"og:description\" content=\"Realiz\u00e1cia kolk\u00e1rskych a bowlingov\u00fdch dr\u00e1h, kompletn\u00fd servis a \u00fadr\u017eba kolk\u00e1rskych a bowlingov\u00fdch dr\u00e1h, predaj n\u00e1hradn\u00fdch dielov\" \/>\n<meta property=\"og:url\" content=\"https:\/\/zakobowling.com\/de\/\" \/>\n<meta property=\"og:site_name\" content=\"ZAKO BOWLING\" \/>\n<meta property=\"article:modified_time\" content=\"2018-02-21T11:52:46+00:00\" \/>\n<meta name=\"twitter:card\" content=\"summary_large_image\" \/>\n<script type=\"application\/ld+json\" class=\"yoast-schema-graph\">{\"@context\":\"https:\/\/schema.org\",\"@graph\":[{\"@type\":\"WebPage\",\"@id\":\"https:\/\/zakobowling.com\/\",\"url\":\"https:\/\/zakobowling.com\/\",\"name\":\"Realiz\u00e1cia a servis kolk\u00e1rskych a bowlingov\u00fdch dr\u00e1h\",\"isPartOf\":{\"@id\":\"https:\/\/zakobowling.com\/#website\"},\"datePublished\":\"2016-06-01T17:15:10+00:00\",\"dateModified\":\"2018-02-21T11:52:46+00:00\",\"description\":\"Realiz\u00e1cia kolk\u00e1rskych a bowlingov\u00fdch dr\u00e1h, kompletn\u00fd servis a \u00fadr\u017eba kolk\u00e1rskych a bowlingov\u00fdch dr\u00e1h, predaj n\u00e1hradn\u00fdch dielov\",\"breadcrumb\":{\"@id\":\"https:\/\/zakobowling.com\/#breadcrumb\"},\"inLanguage\":\"de\",\"potentialAction\":[{\"@type\":\"ReadAction\",\"target\":[\"https:\/\/zakobowling.com\/\"]}]},{\"@type\":\"BreadcrumbList\",\"@id\":\"https:\/\/zakobowling.com\/#breadcrumb\",\"itemListElement\":[{\"@type\":\"ListItem\",\"position\":1,\"name\":\"Domovsk\u00e1 str\u00e1nka\",\"item\":\"https:\/\/zakobowling.com\/\"},{\"@type\":\"ListItem\",\"position\":2,\"name\":\"DOMOV\"}]},{\"@type\":\"WebSite\",\"@id\":\"https:\/\/zakobowling.com\/#website\",\"url\":\"https:\/\/zakobowling.com\/\",\"name\":\"ZAKO BOWLING\",\"description\":\"kolky&amp;bowling\",\"publisher\":{\"@id\":\"https:\/\/zakobowling.com\/#organization\"},\"potentialAction\":[{\"@type\":\"SearchAction\",\"target\":{\"@type\":\"EntryPoint\",\"urlTemplate\":\"https:\/\/zakobowling.com\/?s={search_term_string}\"},\"query-input\":{\"@type\":\"PropertyValueSpecification\",\"valueRequired\":true,\"valueName\":\"search_term_string\"}}],\"inLanguage\":\"de\"},{\"@type\":\"Organization\",\"@id\":\"https:\/\/zakobowling.com\/#organization\",\"name\":\"Zako Slovakia, s. r. o.\",\"url\":\"https:\/\/zakobowling.com\/\",\"logo\":{\"@type\":\"ImageObject\",\"inLanguage\":\"de\",\"@id\":\"https:\/\/zakobowling.com\/#\/schema\/logo\/image\/\",\"url\":\"https:\/\/zakobowling.com\/wp-content\/uploads\/2016\/05\/12784657_10207363150895975_1124600290_n.jpg\",\"contentUrl\":\"https:\/\/zakobowling.com\/wp-content\/uploads\/2016\/05\/12784657_10207363150895975_1124600290_n.jpg\",\"width\":921,\"height\":960,\"caption\":\"Zako Slovakia, s. r. o.\"},\"image\":{\"@id\":\"https:\/\/zakobowling.com\/#\/schema\/logo\/image\/\"}}]}<\/script>\n<!-- \/ Yoast SEO plugin. -->","yoast_head_json":{"title":"Realiz\u00e1cia a servis kolk\u00e1rskych a bowlingov\u00fdch dr\u00e1h","description":"Realiz\u00e1cia kolk\u00e1rskych a bowlingov\u00fdch dr\u00e1h, kompletn\u00fd servis a \u00fadr\u017eba kolk\u00e1rskych a bowlingov\u00fdch dr\u00e1h, predaj n\u00e1hradn\u00fdch dielov","robots":{"index":"index","follow":"follow","max-snippet":"max-snippet:-1","max-image-preview":"max-image-preview:large","max-video-preview":"max-video-preview:-1"},"canonical":"https:\/\/zakobowling.com\/de\/","og_locale":"de_DE","og_type":"article","og_title":"Realiz\u00e1cia a servis kolk\u00e1rskych a bowlingov\u00fdch dr\u00e1h","og_description":"Realiz\u00e1cia kolk\u00e1rskych a bowlingov\u00fdch dr\u00e1h, kompletn\u00fd servis a \u00fadr\u017eba kolk\u00e1rskych a bowlingov\u00fdch dr\u00e1h, predaj n\u00e1hradn\u00fdch dielov","og_url":"https:\/\/zakobowling.com\/de\/","og_site_name":"ZAKO BOWLING","article_modified_time":"2018-02-21T11:52:46+00:00","twitter_card":"summary_large_image","schema":{"@context":"https:\/\/schema.org","@graph":[{"@type":"WebPage","@id":"https:\/\/zakobowling.com\/","url":"https:\/\/zakobowling.com\/","name":"Realiz\u00e1cia a servis kolk\u00e1rskych a bowlingov\u00fdch dr\u00e1h","isPartOf":{"@id":"https:\/\/zakobowling.com\/#website"},"datePublished":"2016-06-01T17:15:10+00:00","dateModified":"2018-02-21T11:52:46+00:00","description":"Realiz\u00e1cia kolk\u00e1rskych a bowlingov\u00fdch dr\u00e1h, kompletn\u00fd servis a \u00fadr\u017eba kolk\u00e1rskych a bowlingov\u00fdch dr\u00e1h, predaj n\u00e1hradn\u00fdch dielov","breadcrumb":{"@id":"https:\/\/zakobowling.com\/#breadcrumb"},"inLanguage":"de","potentialAction":[{"@type":"ReadAction","target":["https:\/\/zakobowling.com\/"]}]},{"@type":"BreadcrumbList","@id":"https:\/\/zakobowling.com\/#breadcrumb","itemListElement":[{"@type":"ListItem","position":1,"name":"Domovsk\u00e1 str\u00e1nka","item":"https:\/\/zakobowling.com\/"},{"@type":"ListItem","position":2,"name":"DOMOV"}]},{"@type":"WebSite","@id":"https:\/\/zakobowling.com\/#website","url":"https:\/\/zakobowling.com\/","name":"ZAKO BOWLING","description":"kolky&amp;bowling","publisher":{"@id":"https:\/\/zakobowling.com\/#organization"},"potentialAction":[{"@type":"SearchAction","target":{"@type":"EntryPoint","urlTemplate":"https:\/\/zakobowling.com\/?s={search_term_string}"},"query-input":{"@type":"PropertyValueSpecification","valueRequired":true,"valueName":"search_term_string"}}],"inLanguage":"de"},{"@type":"Organization","@id":"https:\/\/zakobowling.com\/#organization","name":"Zako Slovakia, s. r. o.","url":"https:\/\/zakobowling.com\/","logo":{"@type":"ImageObject","inLanguage":"de","@id":"https:\/\/zakobowling.com\/#\/schema\/logo\/image\/","url":"https:\/\/zakobowling.com\/wp-content\/uploads\/2016\/05\/12784657_10207363150895975_1124600290_n.jpg","contentUrl":"https:\/\/zakobowling.com\/wp-content\/uploads\/2016\/05\/12784657_10207363150895975_1124600290_n.jpg","width":921,"height":960,"caption":"Zako Slovakia, s. r. o."},"image":{"@id":"https:\/\/zakobowling.com\/#\/schema\/logo\/image\/"}}]}},"_links":{"self":[{"href":"https:\/\/zakobowling.com\/de\/wp-json\/wp\/v2\/pages\/39","targetHints":{"allow":["GET"]}}],"collection":[{"href":"https:\/\/zakobowling.com\/de\/wp-json\/wp\/v2\/pages"}],"about":[{"href":"https:\/\/zakobowling.com\/de\/wp-json\/wp\/v2\/types\/page"}],"author":[{"embeddable":true,"href":"https:\/\/zakobowling.com\/de\/wp-json\/wp\/v2\/users\/1"}],"replies":[{"embeddable":true,"href":"https:\/\/zakobowling.com\/de\/wp-json\/wp\/v2\/comments?post=39"}],"version-history":[{"count":1,"href":"https:\/\/zakobowling.com\/de\/wp-json\/wp\/v2\/pages\/39\/revisions"}],"predecessor-version":[{"id":40,"href":"https:\/\/zakobowling.com\/de\/wp-json\/wp\/v2\/pages\/39\/revisions\/40"}],"wp:attachment":[{"href":"https:\/\/zakobowling.com\/de\/wp-json\/wp\/v2\/media?parent=39"}],"curies":[{"name":"wp","href":"https:\/\/api.w.org\/{rel}","templated":true}]}}