{"id":25,"date":"2016-06-01T18:45:48","date_gmt":"2016-06-01T16:45:48","guid":{"rendered":"https:\/\/zakobowling.com\/?page_id=25"},"modified":"2025-10-25T00:52:34","modified_gmt":"2025-10-24T22:52:34","slug":"e-shop","status":"publish","type":"page","link":"https:\/\/zakobowling.com\/de\/e-shop\/","title":{"rendered":"E-SHOP"},"content":{"rendered":"<p><strong>V ponuke doplnkov n\u00e1jdete 5 hlavn\u00fdch druhov spotrebn\u00e9ho materi\u00e1lu a n\u00e1hradn\u00fdch dielov:<\/strong><\/p>\n\n\n<div class=\"wp-block-image\">\n<figure class=\"alignleft is-resized\"><a href=\"https:\/\/zakobowling.com\/de\/e-shop\/kolky\/kolkarske-gule\/\"><img loading=\"lazy\" decoding=\"async\" width=\"150\" height=\"150\" src=\"https:\/\/zakobowling.com\/wp-content\/uploads\/2022\/01\/kolkarske_gule_winner_160-150x150-1-150x150.jpg\" alt=\"\" class=\"wp-image-494\" style=\"width:62px;height:auto\" srcset=\"https:\/\/zakobowling.com\/wp-content\/uploads\/2022\/01\/kolkarske_gule_winner_160-150x150-1.jpg 150w, https:\/\/zakobowling.com\/wp-content\/uploads\/2022\/01\/kolkarske_gule_winner_160-150x150-1-1x1.jpg 1w\" sizes=\"auto, (max-width: 150px) 100vw, 150px\" \/><\/a><\/figure>\n<\/div>\n\n\n<p><a href=\"https:\/\/zakobowling.com\/de\/e-shop\/kolky\/kolkarske-gule\/\">Kolk\u00e1rske a bowlingov\u00e9 gule<\/a><\/p>\n\n\n\n<p>.<\/p>\n\n\n\n<hr class=\"wp-block-separator has-alpha-channel-opacity\"\/>\n\n\n\n<p><\/p>\n\n\n<div class=\"wp-block-image\">\n<figure class=\"alignleft is-resized\"><a href=\"https:\/\/zakobowling.com\/de\/e-shop\/kolky\/kolky\/\"><img loading=\"lazy\" decoding=\"async\" width=\"150\" height=\"150\" src=\"https:\/\/zakobowling.com\/wp-content\/uploads\/2016\/06\/kolky-150x150.jpg\" alt=\"\" class=\"wp-image-95\" style=\"width:60px;height:auto\" srcset=\"https:\/\/zakobowling.com\/wp-content\/uploads\/2016\/06\/kolky-150x150.jpg 150w, https:\/\/zakobowling.com\/wp-content\/uploads\/2016\/06\/kolky-1x1.jpg 1w\" sizes=\"auto, (max-width: 150px) 100vw, 150px\" \/><\/a><\/figure>\n<\/div>\n\n\n<p><a href=\"https:\/\/zakobowling.com\/de\/e-shop\/kolky\/kolky\/\">Kolky (kolky a bowling)<\/a><\/p>\n\n\n\n<p>.<\/p>\n\n\n\n<p><\/p>\n\n\n\n<hr class=\"wp-block-separator has-alpha-channel-opacity\"\/>\n\n\n<div class=\"wp-block-image\">\n<figure class=\"alignleft is-resized\"><img loading=\"lazy\" decoding=\"async\" width=\"150\" height=\"150\" src=\"https:\/\/zakobowling.com\/wp-content\/uploads\/2016\/06\/wm-rekord-wachs-150x150.jpg\" alt=\"\" class=\"wp-image-128\" style=\"width:71px;height:auto\" srcset=\"https:\/\/zakobowling.com\/wp-content\/uploads\/2016\/06\/wm-rekord-wachs-150x150.jpg 150w, https:\/\/zakobowling.com\/wp-content\/uploads\/2016\/06\/wm-rekord-wachs-300x300.jpg 300w, https:\/\/zakobowling.com\/wp-content\/uploads\/2016\/06\/wm-rekord-wachs-768x768.jpg 768w, https:\/\/zakobowling.com\/wp-content\/uploads\/2016\/06\/wm-rekord-wachs-1x1.jpg 1w, https:\/\/zakobowling.com\/wp-content\/uploads\/2016\/06\/wm-rekord-wachs.jpg 900w\" sizes=\"auto, (max-width: 150px) 100vw, 150px\" \/><\/figure>\n<\/div>\n\n\n<p><a href=\"https:\/\/zakobowling.com\/de\/e-shop\/kolky\/chemia\/\">Ch\u00e9mia na \u00fadr\u017ebu dr\u00e1h<\/a><\/p>\n\n\n\n<p>.<\/p>\n\n\n\n<p><\/p>\n\n\n\n<hr class=\"wp-block-separator has-alpha-channel-opacity\"\/>\n\n\n<div class=\"wp-block-image\">\n<figure class=\"alignleft is-resized\"><img loading=\"lazy\" decoding=\"async\" width=\"274\" height=\"206\" src=\"https:\/\/zakobowling.com\/wp-content\/uploads\/2016\/06\/13522660_10208231399454786_813176229_n.jpg\" alt=\"\" class=\"wp-image-120\" style=\"width:67px;height:auto\" srcset=\"https:\/\/zakobowling.com\/wp-content\/uploads\/2016\/06\/13522660_10208231399454786_813176229_n.jpg 274w, https:\/\/zakobowling.com\/wp-content\/uploads\/2016\/06\/13522660_10208231399454786_813176229_n-1x1.jpg 1w\" sizes=\"auto, (max-width: 274px) 100vw, 274px\" \/><\/figure>\n<\/div>\n\n\n<p><a href=\"https:\/\/zakobowling.com\/de\/e-shop\/kolky\/nahradne-diely\/\">N\u00e1hradn\u00e9 diely (mechanika+elektronika)<\/a><\/p>\n\n\n\n<p>.<\/p>\n\n\n\n<p><\/p>\n\n\n\n<hr class=\"wp-block-separator has-alpha-channel-opacity\"\/>\n\n\n<div class=\"wp-block-image\">\n<figure class=\"alignleft is-resized\"><a href=\"https:\/\/zakobowling.com\/de\/bowlingova-obuv\/\"><img loading=\"lazy\" decoding=\"async\" width=\"50\" height=\"38\" src=\"https:\/\/zakobowling.com\/wp-content\/uploads\/2023\/03\/Bowlingschuhe-orange-2-1-e1679573944919.jpg\" alt=\"\" class=\"wp-image-693\" style=\"width:62px;height:auto\"\/><\/a><\/figure>\n<\/div>\n\n\n<p><a href=\"https:\/\/zakobowling.com\/de\/bowlingova-obuv\/\">Bowlingov\u00e1 obuv<\/a><\/p>\n\n\n\n<p>.<\/p>\n\n\n\n<p><\/p>","protected":false},"excerpt":{"rendered":"<p>V ponuke doplnkov n\u00e1jdete 5 hlavn\u00fdch druhov spotrebn\u00e9ho materi\u00e1lu a n\u00e1hradn\u00fdch dielov: Kolk\u00e1rske a bowlingov\u00e9 gule . Kolky (kolky a bowling) . Ch\u00e9mia na \u00fadr\u017ebu dr\u00e1h . N\u00e1hradn\u00e9 diely (mechanika+elektronika) . Bowlingov\u00e1 obuv .<\/p>","protected":false},"author":1,"featured_media":0,"parent":0,"menu_order":4,"comment_status":"closed","ping_status":"closed","template":"","meta":{"footnotes":""},"class_list":["post-25","page","type-page","status-publish","hentry"],"yoast_head":"<!-- This site is optimized with the Yoast SEO plugin v26.2 - https:\/\/yoast.com\/wordpress\/plugins\/seo\/ -->\n<title>E-SHOP - ZAKO BOWLING<\/title>\n<meta name=\"robots\" content=\"index, follow, max-snippet:-1, max-image-preview:large, max-video-preview:-1\" \/>\n<link rel=\"canonical\" href=\"https:\/\/zakobowling.com\/de\/e-shop\/\" \/>\n<meta property=\"og:locale\" content=\"de_DE\" \/>\n<meta property=\"og:type\" content=\"article\" \/>\n<meta property=\"og:title\" content=\"E-SHOP - ZAKO BOWLING\" \/>\n<meta property=\"og:description\" content=\"V ponuke doplnkov n\u00e1jdete 5 hlavn\u00fdch druhov spotrebn\u00e9ho materi\u00e1lu a n\u00e1hradn\u00fdch dielov: Kolk\u00e1rske a bowlingov\u00e9 gule . Kolky (kolky a bowling) . Ch\u00e9mia na \u00fadr\u017ebu dr\u00e1h . N\u00e1hradn\u00e9 diely (mechanika+elektronika) . Bowlingov\u00e1 obuv .\" \/>\n<meta property=\"og:url\" content=\"https:\/\/zakobowling.com\/de\/e-shop\/\" \/>\n<meta property=\"og:site_name\" content=\"ZAKO BOWLING\" \/>\n<meta property=\"article:modified_time\" content=\"2025-10-24T22:52:34+00:00\" \/>\n<meta property=\"og:image\" content=\"https:\/\/zakobowling.com\/wp-content\/uploads\/2022\/01\/kolkarske_gule_winner_160-150x150-1.jpg\" \/>\n\t<meta property=\"og:image:width\" content=\"150\" \/>\n\t<meta property=\"og:image:height\" content=\"150\" \/>\n\t<meta property=\"og:image:type\" content=\"image\/jpeg\" \/>\n<meta name=\"twitter:card\" content=\"summary_large_image\" \/>\n<meta name=\"twitter:label1\" content=\"Gesch\u00e4tzte Lesezeit\" \/>\n\t<meta name=\"twitter:data1\" content=\"2\u00a0Minuten\" \/>\n<script type=\"application\/ld+json\" class=\"yoast-schema-graph\">{\"@context\":\"https:\/\/schema.org\",\"@graph\":[{\"@type\":\"WebPage\",\"@id\":\"https:\/\/zakobowling.com\/e-shop\/\",\"url\":\"https:\/\/zakobowling.com\/e-shop\/\",\"name\":\"E-SHOP - ZAKO BOWLING\",\"isPartOf\":{\"@id\":\"https:\/\/zakobowling.com\/#website\"},\"primaryImageOfPage\":{\"@id\":\"https:\/\/zakobowling.com\/e-shop\/#primaryimage\"},\"image\":{\"@id\":\"https:\/\/zakobowling.com\/e-shop\/#primaryimage\"},\"thumbnailUrl\":\"https:\/\/zakobowling.com\/wp-content\/uploads\/2022\/01\/kolkarske_gule_winner_160-150x150-1-150x150.jpg\",\"datePublished\":\"2016-06-01T16:45:48+00:00\",\"dateModified\":\"2025-10-24T22:52:34+00:00\",\"breadcrumb\":{\"@id\":\"https:\/\/zakobowling.com\/e-shop\/#breadcrumb\"},\"inLanguage\":\"de\",\"potentialAction\":[{\"@type\":\"ReadAction\",\"target\":[\"https:\/\/zakobowling.com\/e-shop\/\"]}]},{\"@type\":\"ImageObject\",\"inLanguage\":\"de\",\"@id\":\"https:\/\/zakobowling.com\/e-shop\/#primaryimage\",\"url\":\"https:\/\/zakobowling.com\/wp-content\/uploads\/2022\/01\/kolkarske_gule_winner_160-150x150-1-150x150.jpg\",\"contentUrl\":\"https:\/\/zakobowling.com\/wp-content\/uploads\/2022\/01\/kolkarske_gule_winner_160-150x150-1-150x150.jpg\"},{\"@type\":\"BreadcrumbList\",\"@id\":\"https:\/\/zakobowling.com\/e-shop\/#breadcrumb\",\"itemListElement\":[{\"@type\":\"ListItem\",\"position\":1,\"name\":\"Domovsk\u00e1 str\u00e1nka\",\"item\":\"https:\/\/zakobowling.com\/\"},{\"@type\":\"ListItem\",\"position\":2,\"name\":\"E-SHOP\"}]},{\"@type\":\"WebSite\",\"@id\":\"https:\/\/zakobowling.com\/#website\",\"url\":\"https:\/\/zakobowling.com\/\",\"name\":\"ZAKO BOWLING\",\"description\":\"kolky&amp;bowling\",\"publisher\":{\"@id\":\"https:\/\/zakobowling.com\/#organization\"},\"potentialAction\":[{\"@type\":\"SearchAction\",\"target\":{\"@type\":\"EntryPoint\",\"urlTemplate\":\"https:\/\/zakobowling.com\/?s={search_term_string}\"},\"query-input\":{\"@type\":\"PropertyValueSpecification\",\"valueRequired\":true,\"valueName\":\"search_term_string\"}}],\"inLanguage\":\"de\"},{\"@type\":\"Organization\",\"@id\":\"https:\/\/zakobowling.com\/#organization\",\"name\":\"Zako Slovakia, s. r. o.\",\"url\":\"https:\/\/zakobowling.com\/\",\"logo\":{\"@type\":\"ImageObject\",\"inLanguage\":\"de\",\"@id\":\"https:\/\/zakobowling.com\/#\/schema\/logo\/image\/\",\"url\":\"https:\/\/zakobowling.com\/wp-content\/uploads\/2016\/05\/12784657_10207363150895975_1124600290_n.jpg\",\"contentUrl\":\"https:\/\/zakobowling.com\/wp-content\/uploads\/2016\/05\/12784657_10207363150895975_1124600290_n.jpg\",\"width\":921,\"height\":960,\"caption\":\"Zako Slovakia, s. r. o.\"},\"image\":{\"@id\":\"https:\/\/zakobowling.com\/#\/schema\/logo\/image\/\"}}]}<\/script>\n<!-- \/ Yoast SEO plugin. -->","yoast_head_json":{"title":"E-SHOP - ZAKO BOWLING","robots":{"index":"index","follow":"follow","max-snippet":"max-snippet:-1","max-image-preview":"max-image-preview:large","max-video-preview":"max-video-preview:-1"},"canonical":"https:\/\/zakobowling.com\/de\/e-shop\/","og_locale":"de_DE","og_type":"article","og_title":"E-SHOP - ZAKO BOWLING","og_description":"V ponuke doplnkov n\u00e1jdete 5 hlavn\u00fdch druhov spotrebn\u00e9ho materi\u00e1lu a n\u00e1hradn\u00fdch dielov: Kolk\u00e1rske a bowlingov\u00e9 gule . Kolky (kolky a bowling) . Ch\u00e9mia na \u00fadr\u017ebu dr\u00e1h . N\u00e1hradn\u00e9 diely (mechanika+elektronika) . Bowlingov\u00e1 obuv .","og_url":"https:\/\/zakobowling.com\/de\/e-shop\/","og_site_name":"ZAKO BOWLING","article_modified_time":"2025-10-24T22:52:34+00:00","og_image":[{"width":150,"height":150,"url":"https:\/\/zakobowling.com\/wp-content\/uploads\/2022\/01\/kolkarske_gule_winner_160-150x150-1.jpg","type":"image\/jpeg"}],"twitter_card":"summary_large_image","twitter_misc":{"Gesch\u00e4tzte Lesezeit":"2\u00a0Minuten"},"schema":{"@context":"https:\/\/schema.org","@graph":[{"@type":"WebPage","@id":"https:\/\/zakobowling.com\/e-shop\/","url":"https:\/\/zakobowling.com\/e-shop\/","name":"E-SHOP - ZAKO BOWLING","isPartOf":{"@id":"https:\/\/zakobowling.com\/#website"},"primaryImageOfPage":{"@id":"https:\/\/zakobowling.com\/e-shop\/#primaryimage"},"image":{"@id":"https:\/\/zakobowling.com\/e-shop\/#primaryimage"},"thumbnailUrl":"https:\/\/zakobowling.com\/wp-content\/uploads\/2022\/01\/kolkarske_gule_winner_160-150x150-1-150x150.jpg","datePublished":"2016-06-01T16:45:48+00:00","dateModified":"2025-10-24T22:52:34+00:00","breadcrumb":{"@id":"https:\/\/zakobowling.com\/e-shop\/#breadcrumb"},"inLanguage":"de","potentialAction":[{"@type":"ReadAction","target":["https:\/\/zakobowling.com\/e-shop\/"]}]},{"@type":"ImageObject","inLanguage":"de","@id":"https:\/\/zakobowling.com\/e-shop\/#primaryimage","url":"https:\/\/zakobowling.com\/wp-content\/uploads\/2022\/01\/kolkarske_gule_winner_160-150x150-1-150x150.jpg","contentUrl":"https:\/\/zakobowling.com\/wp-content\/uploads\/2022\/01\/kolkarske_gule_winner_160-150x150-1-150x150.jpg"},{"@type":"BreadcrumbList","@id":"https:\/\/zakobowling.com\/e-shop\/#breadcrumb","itemListElement":[{"@type":"ListItem","position":1,"name":"Domovsk\u00e1 str\u00e1nka","item":"https:\/\/zakobowling.com\/"},{"@type":"ListItem","position":2,"name":"E-SHOP"}]},{"@type":"WebSite","@id":"https:\/\/zakobowling.com\/#website","url":"https:\/\/zakobowling.com\/","name":"ZAKO BOWLING","description":"kolky&amp;bowling","publisher":{"@id":"https:\/\/zakobowling.com\/#organization"},"potentialAction":[{"@type":"SearchAction","target":{"@type":"EntryPoint","urlTemplate":"https:\/\/zakobowling.com\/?s={search_term_string}"},"query-input":{"@type":"PropertyValueSpecification","valueRequired":true,"valueName":"search_term_string"}}],"inLanguage":"de"},{"@type":"Organization","@id":"https:\/\/zakobowling.com\/#organization","name":"Zako Slovakia, s. r. o.","url":"https:\/\/zakobowling.com\/","logo":{"@type":"ImageObject","inLanguage":"de","@id":"https:\/\/zakobowling.com\/#\/schema\/logo\/image\/","url":"https:\/\/zakobowling.com\/wp-content\/uploads\/2016\/05\/12784657_10207363150895975_1124600290_n.jpg","contentUrl":"https:\/\/zakobowling.com\/wp-content\/uploads\/2016\/05\/12784657_10207363150895975_1124600290_n.jpg","width":921,"height":960,"caption":"Zako Slovakia, s. r. o."},"image":{"@id":"https:\/\/zakobowling.com\/#\/schema\/logo\/image\/"}}]}},"_links":{"self":[{"href":"https:\/\/zakobowling.com\/de\/wp-json\/wp\/v2\/pages\/25","targetHints":{"allow":["GET"]}}],"collection":[{"href":"https:\/\/zakobowling.com\/de\/wp-json\/wp\/v2\/pages"}],"about":[{"href":"https:\/\/zakobowling.com\/de\/wp-json\/wp\/v2\/types\/page"}],"author":[{"embeddable":true,"href":"https:\/\/zakobowling.com\/de\/wp-json\/wp\/v2\/users\/1"}],"replies":[{"embeddable":true,"href":"https:\/\/zakobowling.com\/de\/wp-json\/wp\/v2\/comments?post=25"}],"version-history":[{"count":6,"href":"https:\/\/zakobowling.com\/de\/wp-json\/wp\/v2\/pages\/25\/revisions"}],"predecessor-version":[{"id":990,"href":"https:\/\/zakobowling.com\/de\/wp-json\/wp\/v2\/pages\/25\/revisions\/990"}],"wp:attachment":[{"href":"https:\/\/zakobowling.com\/de\/wp-json\/wp\/v2\/media?parent=25"}],"curies":[{"name":"wp","href":"https:\/\/api.w.org\/{rel}","templated":true}]}}